{"id":228910,"date":"2026-02-15T17:26:34","date_gmt":"2026-02-15T17:26:34","guid":{"rendered":"https:\/\/rework.cz\/branches\/vsetin-branch\/"},"modified":"2026-03-08T14:08:13","modified_gmt":"2026-03-08T14:08:13","slug":"vsetin-branch","status":"publish","type":"page","link":"https:\/\/rework.cz\/en\/branches\/vsetin-branch\/","title":{"rendered":"Vset\u00edn branch"},"content":{"rendered":"<p>[et_pb_section fb_built=&#8221;1&#8243; _builder_version=&#8221;4.27.5&#8243; _module_preset=&#8221;default&#8221; background_color=&#8221;#03428E&#8221; use_background_color_gradient=&#8221;on&#8221; background_color_gradient_stops=&#8221;rgba(3,66,142,0.65) 0%|rgba(3,66,142,0.56) 100%&#8221; background_color_gradient_overlays_image=&#8221;on&#8221; background_image=&#8221;https:\/\/rework.cz\/wp-content\/uploads\/2026\/02\/trideni-kontrola-kvality-57.jpg&#8221; global_colors_info=&#8221;{}&#8221;][et_pb_row _builder_version=&#8221;4.27.4&#8243; _module_preset=&#8221;default&#8221; width=&#8221;600px&#8221; max_width=&#8221;600px&#8221; global_colors_info=&#8221;{}&#8221;][et_pb_column type=&#8221;4_4&#8243; _builder_version=&#8221;4.27.4&#8243; _module_preset=&#8221;default&#8221; global_colors_info=&#8221;{}&#8221;][et_pb_icon font_icon=&#8221;&#xe01d;||divi||400&#8243; icon_color=&#8221;#FFFFFF&#8221; icon_width=&#8221;48px&#8221; _builder_version=&#8221;4.27.5&#8243; _module_preset=&#8221;default&#8221; global_colors_info=&#8221;{}&#8221;][\/et_pb_icon][et_pb_text _builder_version=&#8221;4.27.5&#8243; _dynamic_attributes=&#8221;content&#8221; _module_preset=&#8221;_initial&#8221; text_text_color=&#8221;#FFFFFF&#8221; link_font=&#8221;|700|||on||||&#8221; header_text_align=&#8221;center&#8221; header_text_color=&#8221;#FFFFFF&#8221; animation_direction=&#8221;bottom&#8221; global_colors_info=&#8221;{}&#8221;]@ET-DC@eyJkeW5hbWljIjp0cnVlLCJjb250ZW50IjoicG9zdF90aXRsZSIsInNldHRpbmdzIjp7ImJlZm9yZSI6IjxoMT4iLCJhZnRlciI6IjwvaDE+IiwiZW5hYmxlX2h0bWwiOiJvZmYifX0=@[\/et_pb_text][\/et_pb_column][\/et_pb_row][\/et_pb_section][et_pb_section fb_built=&#8221;1&#8243; _builder_version=&#8221;4.27.5&#8243; _module_preset=&#8221;default&#8221; custom_padding=&#8221;7px||23px|||&#8221; global_colors_info=&#8221;{}&#8221;][et_pb_row _builder_version=&#8221;4.27.5&#8243; _module_preset=&#8221;default&#8221; global_colors_info=&#8221;{}&#8221;][et_pb_column type=&#8221;4_4&#8243; _builder_version=&#8221;4.27.5&#8243; _module_preset=&#8221;default&#8221; global_colors_info=&#8221;{}&#8221;][difl_breadcrumbs separator_text=&#8221;\/&#8221; home_text=&#8221;100% Rework&#8221; _builder_version=&#8221;4.27.5&#8243; _module_preset=&#8221;default&#8221; custom_margin=&#8221;||-7px|||&#8221; global_colors_info=&#8221;{}&#8221;][\/difl_breadcrumbs][\/et_pb_column][\/et_pb_row][et_pb_row column_structure=&#8221;1_4,1_4,1_2&#8243; use_custom_gutter=&#8221;on&#8221; gutter_width=&#8221;2&#8243; _builder_version=&#8221;4.27.5&#8243; _module_preset=&#8221;default&#8221; custom_margin=&#8221;|auto|10px|auto||&#8221; global_colors_info=&#8221;{}&#8221;][et_pb_column type=&#8221;1_4&#8243; _builder_version=&#8221;4.27.4&#8243; _module_preset=&#8221;default&#8221; global_colors_info=&#8221;{}&#8221;][et_pb_text _builder_version=&#8221;4.27.5&#8243; _module_preset=&#8221;_initial&#8221; link_font=&#8221;|700|||on||||&#8221; animation_direction=&#8221;bottom&#8221; global_colors_info=&#8221;{}&#8221;]<\/p>\n<h4>Address<\/h4>\n<p>Zbrojov\u00e1ck\u00e1 1593,<br \/>Vset\u00edn, 755 01<\/p>\n<h4>Contact<\/h4>\n<p>Martin Vacek<br \/>Branch manager<br \/><a href=\"mailto:mvacek@rework.cz\">mvacek@rework.cz,<\/a><br \/><a href=\"tel:+420731572755\">+420 731 572 755<\/a><\/p>\n<p>&nbsp;<\/p>\n<p>[\/et_pb_text][et_pb_button button_url=&#8221;https:\/\/www.rework.cz\/fotografie\/pobocky\/image-thumb__418__auto_ee2c96cbdf42ba4330e9a700c5930b02\/vsetin-modra.webp&#8221; url_new_window=&#8221;on&#8221; button_text=&#8221;Get directions &#8221; _builder_version=&#8221;4.27.5&#8243; _module_preset=&#8221;_initial&#8221; custom_button=&#8221;on&#8221; button_text_size=&#8221;18px&#8221; button_text_color=&#8221;#FFFFFF&#8221; button_bg_color=&#8221;#F37021&#8243; button_border_width=&#8221;0px&#8221; button_icon=&#8221;&#xe01d;||divi||400&#8243; button_icon_color=&#8221;#FFFFFF&#8221; button_icon_placement=&#8221;left&#8221; button_on_hover=&#8221;off&#8221; animation_style=&#8221;slide&#8221; animation_direction=&#8221;bottom&#8221; animation_intensity_slide=&#8221;5%&#8221; global_colors_info=&#8221;{}&#8221;][\/et_pb_button][et_pb_button button_url=&#8221;@ET-DC@eyJkeW5hbWljIjp0cnVlLCJjb250ZW50IjoicG9zdF9saW5rX3VybF9wYWdlIiwic2V0dGluZ3MiOnsicG9zdF9pZCI6IjIyODMzNCIsImVuYWJsZV9odG1sIjoib2ZmIn19@&#8221; url_new_window=&#8221;on&#8221; button_text=&#8221;All branches&#8221; _builder_version=&#8221;4.27.5&#8243; _dynamic_attributes=&#8221;button_url&#8221; _module_preset=&#8221;_initial&#8221; custom_button=&#8221;on&#8221; button_text_size=&#8221;18px&#8221; button_text_color=&#8221;#FFFFFF&#8221; button_bg_color=&#8221;#F37021&#8243; button_border_width=&#8221;0px&#8221; button_icon=&#8221;&#x23;||divi||400&#8243; button_icon_color=&#8221;#FFFFFF&#8221; button_icon_placement=&#8221;left&#8221; button_on_hover=&#8221;off&#8221; custom_margin=&#8221;||8px|||&#8221; animation_style=&#8221;slide&#8221; animation_direction=&#8221;bottom&#8221; animation_intensity_slide=&#8221;5%&#8221; global_colors_info=&#8221;{}&#8221;][\/et_pb_button][\/et_pb_column][et_pb_column type=&#8221;1_4&#8243; _builder_version=&#8221;4.27.4&#8243; _module_preset=&#8221;default&#8221; global_colors_info=&#8221;{}&#8221;][difl_iconlist _builder_version=&#8221;4.27.5&#8243; _module_preset=&#8221;2176cecf-b11b-421d-931d-788fa4e265fe&#8221; hover_enabled=&#8221;0&#8243; global_colors_info=&#8221;{}&#8221; list_item_wrapper_margin=&#8221;-1px||||false|false&#8221; list_item_wrapper_padding=&#8221;0px||||false|false&#8221; list_item_content_margin=&#8221;-10px||||false|false&#8221; sticky_enabled=&#8221;0&#8243;][difl_iconlistitem list_item_title=&#8221;20+ workers&#8221; list_item_icon=&#8221;&#xf0c0;||fa||900&#8243; _builder_version=&#8221;4.27.5&#8243; hover_enabled=&#8221;0&#8243; global_colors_info=&#8221;{}&#8221; sticky_enabled=&#8221;0&#8243;][\/difl_iconlistitem][difl_iconlistitem list_item_title=&#8221;900 m\u00b2 of storage and control area&#8221; list_item_icon=&#8221;&#xf494;||fa||900&#8243; _builder_version=&#8221;4.27.5&#8243; hover_enabled=&#8221;0&#8243; global_colors_info=&#8221;{}&#8221; sticky_enabled=&#8221;0&#8243;][\/difl_iconlistitem][difl_iconlistitem list_item_title=&#8221;own transport&#8221; list_item_icon=&#8221;&#xf0d1;||fa||900&#8243; admin_label=&#8221;List item&#8221; _builder_version=&#8221;4.27.5&#8243; _module_preset=&#8221;default&#8221; hover_enabled=&#8221;0&#8243; global_colors_info=&#8221;{}&#8221; sticky_enabled=&#8221;0&#8243;]<\/p>\n<p><span>up to 20 pallets<\/span><\/p>\n<p>[\/difl_iconlistitem][difl_iconlistitem list_item_title=&#8221;input and output checks, repairs, measurements&#8221; list_icon_type=&#8221;icon&#8221; list_item_icon=&#8221;&#xf002;||fa||900&#8243; admin_label=&#8221;List item&#8221; _builder_version=&#8221;4.27.5&#8243; _module_preset=&#8221;default&#8221; hover_enabled=&#8221;0&#8243; sticky_enabled=&#8221;0&#8243;][\/difl_iconlistitem][difl_iconlistitem list_item_title=&#8221;digital microscopes, magnifiers&#8221; list_icon_type=&#8221;icon&#8221; list_item_icon=&#8221;&#xf610;||fa||900&#8243; admin_label=&#8221;List item&#8221; _builder_version=&#8221;4.27.5&#8243; _module_preset=&#8221;default&#8221; hover_enabled=&#8221;0&#8243; sticky_enabled=&#8221;0&#8243;][\/difl_iconlistitem][difl_iconlistitem list_item_title=&#8221;Roscomat professional thread cutters&#8221; list_icon_type=&#8221;icon&#8221; list_item_icon=&#8221;&#xf085;||fa||900&#8243; admin_label=&#8221;List item&#8221; _builder_version=&#8221;4.27.5&#8243; _module_preset=&#8221;default&#8221; hover_enabled=&#8221;0&#8243; sticky_enabled=&#8221;0&#8243;][\/difl_iconlistitem][difl_iconlistitem list_item_title=&#8221;  clean zone for sensitive parts to contamination&#8221; list_icon_type=&#8221;icon&#8221; list_item_icon=&#8221;&#xe06e;||fa||900&#8243; admin_label=&#8221;List item&#8221; _builder_version=&#8221;4.27.5&#8243; _module_preset=&#8221;default&#8221; hover_enabled=&#8221;0&#8243; sticky_enabled=&#8221;0&#8243;][\/difl_iconlistitem][difl_iconlistitem list_item_title=&#8221;consignment storage&#8221; list_icon_type=&#8221;icon&#8221; list_item_icon=&#8221;&#xf468;||fa||900&#8243; admin_label=&#8221;List item&#8221; _builder_version=&#8221;4.27.5&#8243; _module_preset=&#8221;default&#8221; hover_enabled=&#8221;0&#8243; sticky_enabled=&#8221;0&#8243;][\/difl_iconlistitem][difl_iconlistitem list_item_title=&#8221;handling equipment, loading ramp&#8221; list_icon_type=&#8221;icon&#8221; list_item_icon=&#8221;&#xf4de;||fa||900&#8243; admin_label=&#8221;List item&#8221; _builder_version=&#8221;4.27.5&#8243; _module_preset=&#8221;default&#8221; hover_enabled=&#8221;0&#8243; sticky_enabled=&#8221;0&#8243;][\/difl_iconlistitem][\/difl_iconlist][\/et_pb_column][et_pb_column type=&#8221;1_2&#8243; _builder_version=&#8221;4.27.4&#8243; _module_preset=&#8221;default&#8221; global_colors_info=&#8221;{}&#8221;][et_pb_code _builder_version=&#8221;4.27.5&#8243; _module_preset=&#8221;default&#8221; global_colors_info=&#8221;{}&#8221;]<iframe src=\"https:\/\/www.google.com\/maps\/embed?pb=!1m18!1m12!1m3!1d2599.626841122411!2d18.033170166697108!3d49.3402832335631!2m3!1f0!2f0!3f0!3m2!1i1024!2i768!4f13.1!3m3!1m2!1s0x4713837feb207a59%3A0xedb720c2af469304!2zWmJyb2pvdsOhY2vDoSAxNTkzLCA3NTUgMDEgVnNldMOtbiAx!5e0!3m2!1scs!2scz!4v1771176649918!5m2!1scs!2scz\" width=\"600\" height=\"450\" style=\"border:0;\" allowfullscreen=\"\" loading=\"lazy\" referrerpolicy=\"no-referrer-when-downgrade\"><\/iframe>[\/et_pb_code][\/et_pb_column][\/et_pb_row][et_pb_row _builder_version=&#8221;4.27.5&#8243; _module_preset=&#8221;default&#8221; custom_margin=&#8221;|auto|69px|auto||&#8221; global_colors_info=&#8221;{}&#8221;][et_pb_column type=&#8221;4_4&#8243; _builder_version=&#8221;4.27.5&#8243; _module_preset=&#8221;default&#8221; global_colors_info=&#8221;{}&#8221;][difl_imagegallery field_font_icon=&#8221;&#x2d;||divi||400&#8243; _builder_version=&#8221;4.27.5&#8243; _module_preset=&#8221;67117477-3fd2-4dc3-b4b9-09cdac23ecd0&#8243; global_colors_info=&#8221;{}&#8221;][difl_imagegalleryitem gallery_ids=&#8221;228534,228535,228536,228537,228538&#8243; _builder_version=&#8221;4.27.5&#8243; _module_preset=&#8221;default&#8221; global_colors_info=&#8221;{}&#8221;][\/difl_imagegalleryitem][\/difl_imagegallery][\/et_pb_column][\/et_pb_row][\/et_pb_section]<\/p>\n","protected":false},"excerpt":{"rendered":"<p><div class=\"et_pb_module difl_breadcrumbs difl_breadcrumbs_0\">\n\t\t\t\t\n\t\t\t\t\n\t\t\t\t\n\t\t\t\t\n\t\t\t\t\n\t\t\t\t\n\t\t\t\t<div class=\"et_pb_module_inner\">\n\t\t\t\t\t<div class=\"df_breadcrumbs_container\">\n                             \n                            <div class=\"df_breadcrumbs_wrapper\">\n                                <ul class=\"df-breadcrumbs\"><li class=\"df-breadcrumbs-item df-breadcrumbs-start\"><a href=\"https:\/\/rework.cz\/en\/\"  rel=\"home\"><span class=\"df-breadcrumbs-text\">  100% Rework <\/span><\/a><\/li><\/ul>\n                            <\/div>\n\n                        <\/div>\n\t\t\t\t<\/div>\n\t\t\t<\/div>Address Zbrojov\u00e1ck\u00e1 1593,Vset\u00edn, 755 01 Contact Martin VacekBranch managermvacek@rework.cz,+420 731 572 755 &nbsp;<div class=\"et_pb_module difl_iconlist difl_iconlist_0\">\n\t\t\t\t\n\t\t\t\t\n\t\t\t\t\n\t\t\t\t\n\t\t\t\t\n\t\t\t\t\n\t\t\t\t<div class=\"et_pb_module_inner\">\n\t\t\t\t\t<div class=\"difl_iconlist_notice\">Add one or more list items.<\/div>\n\t\t\t\t<\/div>\n\t\t\t<\/div><li class=\"et_pb_module difl_iconlistitem difl_iconlistitem_0\">\n\t\t\t\t\n\t\t\t\t\n\t\t\t\t\n\t\t\t\t\n\t\t\t\t\n\t\t\t\t\n\t\t\t\t<div class=\"et_pb_module_inner\">\n\t\t\t\t\t<span class=\"item-elements et_pb_with_background\">\n                    <span class=\"item-elements-group\"><span class=\"difl_icon_item_container\"><span class=\"difl_icon_item_icon_wrapper\"><span class=\"icon-element\"><span class=\"et-pb-icon difl_list_icon\">\uf0c0<\/span><\/span><\/span> <span class=\"difl_icon_item_content_wrapper\"><h4 class=\"difl_icon_item_header et_pb_with_background\"><span>20+ workers<\/span><\/h4><\/span><\/span><\/span>\n                    <span class=\"item-tooltip-data\" style=\"display:none\"><\/span>\n                <\/span>\n\t\t\t\t<\/div>\n\t\t\t<\/li><li class=\"et_pb_module difl_iconlistitem difl_iconlistitem_1\">\n\t\t\t\t\n\t\t\t\t\n\t\t\t\t\n\t\t\t\t\n\t\t\t\t\n\t\t\t\t\n\t\t\t\t<div class=\"et_pb_module_inner\">\n\t\t\t\t\t<span class=\"item-elements et_pb_with_background\">\n                    <span class=\"item-elements-group\"><span class=\"difl_icon_item_container\"><span class=\"difl_icon_item_icon_wrapper\"><span class=\"icon-element\"><span class=\"et-pb-icon difl_list_icon\">\uf494<\/span><\/span><\/span> <span class=\"difl_icon_item_content_wrapper\"><h4 class=\"difl_icon_item_header et_pb_with_background\"><span>900 m\u00b2 of storage and control area<\/span><\/h4><\/span><\/span><\/span>\n                    <span class=\"item-tooltip-data\" style=\"display:none\"><\/span>\n                <\/span>\n\t\t\t\t<\/div>\n\t\t\t<\/li><li class=\"et_pb_module difl_iconlistitem difl_iconlistitem_2\">\n\t\t\t\t\n\t\t\t\t\n\t\t\t\t\n\t\t\t\t\n\t\t\t\t\n\t\t\t\t\n\t\t\t\t<div class=\"et_pb_module_inner\">\n\t\t\t\t\t<span class=\"item-elements et_pb_with_background\">\n                    <span class=\"item-elements-group\"><span class=\"difl_icon_item_container\"><span class=\"difl_icon_item_icon_wrapper\"><span class=\"icon-element\"><span class=\"et-pb-icon difl_list_icon\"><\/span><\/span><\/span> <span class=\"difl_icon_item_content_wrapper\"><h4 class=\"difl_icon_item_header et_pb_with_background\"><span>&#8221;own<\/span><\/h4><\/span><\/span><\/span>\n                    <span class=\"item-tooltip-data\" style=\"display:none\"><\/span>\n                <\/span>\n\t\t\t\t<\/div>\n\t\t\t<\/li><\/p>\n","protected":false},"author":1,"featured_media":0,"parent":228855,"menu_order":0,"comment_status":"closed","ping_status":"closed","template":"","meta":{"_et_pb_use_builder":"on","_et_pb_old_content":"","_et_gb_content_width":"","inline_featured_image":false,"footnotes":""},"difl_page_category":[],"class_list":["post-228910","page","type-page","status-publish","hentry"],"_links":{"self":[{"href":"https:\/\/rework.cz\/en\/wp-json\/wp\/v2\/pages\/228910","targetHints":{"allow":["GET"]}}],"collection":[{"href":"https:\/\/rework.cz\/en\/wp-json\/wp\/v2\/pages"}],"about":[{"href":"https:\/\/rework.cz\/en\/wp-json\/wp\/v2\/types\/page"}],"author":[{"embeddable":true,"href":"https:\/\/rework.cz\/en\/wp-json\/wp\/v2\/users\/1"}],"replies":[{"embeddable":true,"href":"https:\/\/rework.cz\/en\/wp-json\/wp\/v2\/comments?post=228910"}],"version-history":[{"count":2,"href":"https:\/\/rework.cz\/en\/wp-json\/wp\/v2\/pages\/228910\/revisions"}],"predecessor-version":[{"id":228917,"href":"https:\/\/rework.cz\/en\/wp-json\/wp\/v2\/pages\/228910\/revisions\/228917"}],"up":[{"embeddable":true,"href":"https:\/\/rework.cz\/en\/wp-json\/wp\/v2\/pages\/228855"}],"wp:attachment":[{"href":"https:\/\/rework.cz\/en\/wp-json\/wp\/v2\/media?parent=228910"}],"wp:term":[{"taxonomy":"difl_page_category","embeddable":true,"href":"https:\/\/rework.cz\/en\/wp-json\/wp\/v2\/difl_page_category?post=228910"}],"curies":[{"name":"wp","href":"https:\/\/api.w.org\/{rel}","templated":true}]}}