{"id":228891,"date":"2026-02-15T18:09:55","date_gmt":"2026-02-15T18:09:55","guid":{"rendered":"https:\/\/rework.cz\/branches\/novy-jicin-branch\/"},"modified":"2026-03-08T11:44:23","modified_gmt":"2026-03-08T11:44:23","slug":"novy-jicin-branch","status":"publish","type":"page","link":"https:\/\/rework.cz\/en\/branches\/novy-jicin-branch\/","title":{"rendered":"Nov\u00fd Ji\u010d\u00edn branch"},"content":{"rendered":"<p>[et_pb_section fb_built=&#8221;1&#8243; _builder_version=&#8221;4.27.5&#8243; _module_preset=&#8221;default&#8221; background_color=&#8221;#03428E&#8221; use_background_color_gradient=&#8221;on&#8221; background_color_gradient_stops=&#8221;rgba(3,66,142,0.65) 0%|rgba(3,66,142,0.56) 100%&#8221; background_color_gradient_overlays_image=&#8221;on&#8221; background_image=&#8221;https:\/\/rework.cz\/wp-content\/uploads\/2026\/02\/trideni-kontrola-kvality-57.jpg&#8221; global_colors_info=&#8221;{}&#8221;][et_pb_row _builder_version=&#8221;4.27.4&#8243; _module_preset=&#8221;default&#8221; width=&#8221;600px&#8221; max_width=&#8221;600px&#8221; global_colors_info=&#8221;{}&#8221;][et_pb_column type=&#8221;4_4&#8243; _builder_version=&#8221;4.27.4&#8243; _module_preset=&#8221;default&#8221; global_colors_info=&#8221;{}&#8221;][et_pb_icon font_icon=&#8221;&#xe01d;||divi||400&#8243; icon_color=&#8221;#FFFFFF&#8221; icon_width=&#8221;48px&#8221; _builder_version=&#8221;4.27.5&#8243; _module_preset=&#8221;default&#8221; global_colors_info=&#8221;{}&#8221;][\/et_pb_icon][et_pb_text _builder_version=&#8221;4.27.5&#8243; _dynamic_attributes=&#8221;content&#8221; _module_preset=&#8221;_initial&#8221; text_text_color=&#8221;#FFFFFF&#8221; link_font=&#8221;|700|||on||||&#8221; header_text_align=&#8221;center&#8221; header_text_color=&#8221;#FFFFFF&#8221; animation_direction=&#8221;bottom&#8221; global_colors_info=&#8221;{}&#8221;]@ET-DC@eyJkeW5hbWljIjp0cnVlLCJjb250ZW50IjoicG9zdF90aXRsZSIsInNldHRpbmdzIjp7ImJlZm9yZSI6IjxoMT4iLCJhZnRlciI6IjwvaDE+IiwiZW5hYmxlX2h0bWwiOiJvZmYifX0=@[\/et_pb_text][\/et_pb_column][\/et_pb_row][\/et_pb_section][et_pb_section fb_built=&#8221;1&#8243; _builder_version=&#8221;4.27.5&#8243; _module_preset=&#8221;default&#8221; custom_padding=&#8221;7px||23px|||&#8221; global_colors_info=&#8221;{}&#8221;][et_pb_row _builder_version=&#8221;4.27.5&#8243; _module_preset=&#8221;default&#8221; global_colors_info=&#8221;{}&#8221;][et_pb_column type=&#8221;4_4&#8243; _builder_version=&#8221;4.27.5&#8243; _module_preset=&#8221;default&#8221; global_colors_info=&#8221;{}&#8221;][difl_breadcrumbs separator_text=&#8221;\/&#8221; home_text=&#8221;100% Rework&#8221; _builder_version=&#8221;4.27.5&#8243; _module_preset=&#8221;default&#8221; custom_margin=&#8221;||-7px|||&#8221; global_colors_info=&#8221;{}&#8221;][\/difl_breadcrumbs][\/et_pb_column][\/et_pb_row][et_pb_row column_structure=&#8221;1_4,1_4,1_2&#8243; use_custom_gutter=&#8221;on&#8221; gutter_width=&#8221;2&#8243; _builder_version=&#8221;4.27.5&#8243; _module_preset=&#8221;default&#8221; custom_margin=&#8221;|auto|10px|auto||&#8221; global_colors_info=&#8221;{}&#8221;][et_pb_column type=&#8221;1_4&#8243; _builder_version=&#8221;4.27.4&#8243; _module_preset=&#8221;default&#8221; global_colors_info=&#8221;{}&#8221;][et_pb_text _builder_version=&#8221;4.27.5&#8243; _module_preset=&#8221;_initial&#8221; link_font=&#8221;|700|||on||||&#8221; animation_direction=&#8221;bottom&#8221; global_colors_info=&#8221;{}&#8221;]<\/p>\n<h4>Address<\/h4>\n<p>Palack\u00e9ho 696\/10,<br \/>Nov\u00fd Ji\u010d\u00edn, 741 01<\/p>\n<h4>Contact<\/h4>\n<p>Martin Vacek<br \/>Branch manager<br \/><a href=\"mailto:mvacek@rework.cz\">mvacek@rework.cz,<\/a><br \/><a href=\"tel:+420731572755\">+420 731 572 755<\/a><\/p>\n<p>[\/et_pb_text][et_pb_button button_url=&#8221;&lt;!&#8211;&#91;CDATA&#91;https:\/\/www.google.cz\/maps\/dir\/\/Palack%C3%A9ho+696%2F10,+741+01+Nov%C3%BD+Ji%C4%8D%C3%ADn\/@49.5970441,18.0043799,17z\/data=!4m9!4m8!1m0!1m5!1m1!1s0x471394ad681655bb:0xeecc19d29744531!2m2!1d18.0065739!2d49.5970406!3e0&#93;&#93;&#8211;&gt;&#8221; url_new_window=&#8221;on&#8221; button_text=&#8221;Get directions &#8221; _builder_version=&#8221;4.27.5&#8243; _module_preset=&#8221;_initial&#8221; custom_button=&#8221;on&#8221; button_text_size=&#8221;18px&#8221; button_text_color=&#8221;#FFFFFF&#8221; button_bg_color=&#8221;#F37021&#8243; button_border_width=&#8221;0px&#8221; button_icon=&#8221;&#xe01d;||divi||400&#8243; button_icon_color=&#8221;#FFFFFF&#8221; button_icon_placement=&#8221;left&#8221; button_on_hover=&#8221;off&#8221; animation_style=&#8221;slide&#8221; animation_direction=&#8221;bottom&#8221; animation_intensity_slide=&#8221;5%&#8221; global_colors_info=&#8221;{}&#8221;][\/et_pb_button][et_pb_button button_url=&#8221;@ET-DC@eyJkeW5hbWljIjp0cnVlLCJjb250ZW50IjoicG9zdF9saW5rX3VybF9wYWdlIiwic2V0dGluZ3MiOnsicG9zdF9pZCI6IjIyODMzNCIsImVuYWJsZV9odG1sIjoib2ZmIn19@&#8221; url_new_window=&#8221;on&#8221; button_text=&#8221;All branches&#8221; _builder_version=&#8221;4.27.5&#8243; _dynamic_attributes=&#8221;button_url&#8221; _module_preset=&#8221;_initial&#8221; custom_button=&#8221;on&#8221; button_text_size=&#8221;18px&#8221; button_text_color=&#8221;#FFFFFF&#8221; button_bg_color=&#8221;#F37021&#8243; button_border_width=&#8221;0px&#8221; button_icon=&#8221;&#x23;||divi||400&#8243; button_icon_color=&#8221;#FFFFFF&#8221; button_icon_placement=&#8221;left&#8221; button_on_hover=&#8221;off&#8221; custom_margin=&#8221;||8px|||&#8221; animation_style=&#8221;slide&#8221; animation_direction=&#8221;bottom&#8221; animation_intensity_slide=&#8221;5%&#8221; global_colors_info=&#8221;{}&#8221;][\/et_pb_button][\/et_pb_column][et_pb_column type=&#8221;1_4&#8243; _builder_version=&#8221;4.27.4&#8243; _module_preset=&#8221;default&#8221; global_colors_info=&#8221;{}&#8221;][difl_iconlist _builder_version=&#8221;4.27.5&#8243; _module_preset=&#8221;2176cecf-b11b-421d-931d-788fa4e265fe&#8221; hover_enabled=&#8221;0&#8243; global_colors_info=&#8221;{}&#8221; sticky_enabled=&#8221;0&#8243;][difl_iconlistitem list_item_title=&#8221;70+ employees&#8221; list_item_icon=&#8221;&#xf0c0;||fa||900&#8243; _builder_version=&#8221;4.27.5&#8243; hover_enabled=&#8221;0&#8243; global_colors_info=&#8221;{}&#8221; sticky_enabled=&#8221;0&#8243;][\/difl_iconlistitem][difl_iconlistitem list_item_title=&#8221;2,000 m\u00b2 of storage and inspection space&#8221; list_item_icon=&#8221;&#xf494;||fa||900&#8243; _builder_version=&#8221;4.27.5&#8243; hover_enabled=&#8221;0&#8243; global_colors_info=&#8221;{}&#8221; sticky_enabled=&#8221;0&#8243;][\/difl_iconlistitem][difl_iconlistitem list_item_title=&#8221;own transport and handling equipment&#8221; list_item_icon=&#8221;&#xf4df;||fa||900&#8243; admin_label=&#8221;List item&#8221; _builder_version=&#8221;4.27.5&#8243; _module_preset=&#8221;default&#8221; hover_enabled=&#8221;0&#8243; global_colors_info=&#8221;{}&#8221; sticky_enabled=&#8221;0&#8243;][\/difl_iconlistitem][difl_iconlistitem list_item_title=&#8221;two soundproof chambers for acoustic testing&#8221; list_item_icon=&#8221;&#xf6a9;||fa||900&#8243; admin_label=&#8221;List item&#8221; _builder_version=&#8221;4.27.5&#8243; _module_preset=&#8221;default&#8221; hover_enabled=&#8221;0&#8243; global_colors_info=&#8221;{}&#8221; sticky_enabled=&#8221;0&#8243;][\/difl_iconlistitem][difl_iconlistitem list_item_title=&#8221;incoming and outgoing inspection, measurement&#8221; list_icon_type=&#8221;icon&#8221; list_item_icon=&#8221;&#xf002;||fa||900&#8243; admin_label=&#8221;List item&#8221; _builder_version=&#8221;4.27.5&#8243; _module_preset=&#8221;default&#8221; hover_enabled=&#8221;0&#8243; sticky_enabled=&#8221;0&#8243;][\/difl_iconlistitem][difl_iconlistitem list_item_title=&#8221;we have microscopes available&lt;br&gt; &lt;br&gt; &lt;br&gt;&#8221; list_icon_type=&#8221;icon&#8221; list_item_icon=&#8221;&#xf610;||fa||900&#8243; admin_label=&#8221;List item&#8221; _builder_version=&#8221;4.27.5&#8243; _module_preset=&#8221;default&#8221; hover_enabled=&#8221;0&#8243; sticky_enabled=&#8221;0&#8243;][\/difl_iconlistitem][difl_iconlistitem list_item_title=&#8221;testing and functional inspection of parts &#8221; list_icon_type=&#8221;icon&#8221; list_item_icon=&#8221;&#xf013;||fa||900&#8243; admin_label=&#8221;List item&#8221; _builder_version=&#8221;4.27.5&#8243; _module_preset=&#8221;default&#8221; hover_enabled=&#8221;0&#8243; sticky_enabled=&#8221;0&#8243;][\/difl_iconlistitem][difl_iconlistitem list_item_title=&#8221;customized part repairs&#8221; list_icon_type=&#8221;icon&#8221; list_item_icon=&#8221;&#xf7d9;||fa||900&#8243; admin_label=&#8221;List item&#8221; _builder_version=&#8221;4.27.5&#8243; _module_preset=&#8221;default&#8221; hover_enabled=&#8221;0&#8243; sticky_enabled=&#8221;0&#8243;][\/difl_iconlistitem][difl_iconlistitem list_item_title=&#8221;part assembly and sub-assembly&#8221; list_icon_type=&#8221;icon&#8221; list_item_icon=&#8221;&#xf085;||fa||900&#8243; admin_label=&#8221;List item&#8221; _builder_version=&#8221;4.27.5&#8243; _module_preset=&#8221;default&#8221; hover_enabled=&#8221;0&#8243; sticky_enabled=&#8221;0&#8243;][\/difl_iconlistitem][difl_iconlistitem list_item_title=&#8221;development and design of prototype fixtures&#8221; list_icon_type=&#8221;icon&#8221; list_item_icon=&#8221;&#xf492;||fa||900&#8243; admin_label=&#8221;List item&#8221; _builder_version=&#8221;4.27.5&#8243; _module_preset=&#8221;default&#8221; hover_enabled=&#8221;0&#8243; sticky_enabled=&#8221;0&#8243;][\/difl_iconlistitem][difl_iconlistitem list_item_title=&#8221;use of our own 3D printer&#8221; list_icon_type=&#8221;icon&#8221; list_item_icon=&#8221;&#xf1b3;||fa||900&#8243; admin_label=&#8221;List item&#8221; _builder_version=&#8221;4.27.5&#8243; _module_preset=&#8221;default&#8221; hover_enabled=&#8221;0&#8243; sticky_enabled=&#8221;0&#8243;][\/difl_iconlistitem][difl_iconlistitem list_item_title=&#8221;comprehensive technical equipment&#8221; list_icon_type=&#8221;icon&#8221; list_item_icon=&#8221;&#xf6ff;||fa||900&#8243; admin_label=&#8221;List item&#8221; _builder_version=&#8221;4.27.5&#8243; _module_preset=&#8221;default&#8221; hover_enabled=&#8221;0&#8243; sticky_enabled=&#8221;0&#8243;][\/difl_iconlistitem][\/difl_iconlist][\/et_pb_column][et_pb_column type=&#8221;1_2&#8243; _builder_version=&#8221;4.27.4&#8243; _module_preset=&#8221;default&#8221; global_colors_info=&#8221;{}&#8221;][et_pb_code _builder_version=&#8221;4.27.5&#8243; _module_preset=&#8221;default&#8221; global_colors_info=&#8221;{}&#8221;]<iframe src=\"https:\/\/www.google.com\/maps\/embed?pb=!1m18!1m12!1m3!1d2586.0374059324!2d18.003998976878886!3d49.59704404844198!2m3!1f0!2f0!3f0!3m2!1i1024!2i768!4f13.1!3m3!1m2!1s0x471394ad681655bb%3A0xeecc19d29744531!2zUGFsYWNrw6lobyA2OTYvMTAsIDc0MSAwMSBOb3bDvSBKacSNw61uIDE!5e0!3m2!1scs!2scz!4v1771179147398!5m2!1scs!2scz\" width=\"600\" height=\"450\" style=\"border:0;\" allowfullscreen=\"\" loading=\"lazy\" referrerpolicy=\"no-referrer-when-downgrade\"><\/iframe>[\/et_pb_code][\/et_pb_column][\/et_pb_row][et_pb_row _builder_version=&#8221;4.27.5&#8243; _module_preset=&#8221;default&#8221; custom_margin=&#8221;|auto|69px|auto||&#8221; global_colors_info=&#8221;{}&#8221;][et_pb_column type=&#8221;4_4&#8243; _builder_version=&#8221;4.27.5&#8243; _module_preset=&#8221;default&#8221; global_colors_info=&#8221;{}&#8221;][difl_imagegallery field_font_icon=&#8221;&#x2d;||divi||400&#8243; _builder_version=&#8221;4.27.5&#8243; _module_preset=&#8221;67117477-3fd2-4dc3-b4b9-09cdac23ecd0&#8243; global_colors_info=&#8221;{}&#8221;][difl_imagegalleryitem gallery_ids=&#8221;228574,228575,228576,228577,228578,228579,228580,228581,228582&#8243; _builder_version=&#8221;4.27.5&#8243; _module_preset=&#8221;default&#8221; global_colors_info=&#8221;{}&#8221;][\/difl_imagegalleryitem][\/difl_imagegallery][\/et_pb_column][\/et_pb_row][\/et_pb_section]<\/p>\n","protected":false},"excerpt":{"rendered":"<p><div class=\"et_pb_module difl_breadcrumbs difl_breadcrumbs_0\">\n\t\t\t\t\n\t\t\t\t\n\t\t\t\t\n\t\t\t\t\n\t\t\t\t\n\t\t\t\t\n\t\t\t\t<div class=\"et_pb_module_inner\">\n\t\t\t\t\t<div class=\"df_breadcrumbs_container\">\n                             \n                            <div class=\"df_breadcrumbs_wrapper\">\n                                <ul class=\"df-breadcrumbs\"><li class=\"df-breadcrumbs-item df-breadcrumbs-start\"><a href=\"https:\/\/rework.cz\/en\/\"  rel=\"home\"><span class=\"df-breadcrumbs-text\">  100% Rework <\/span><\/a><\/li><\/ul>\n                            <\/div>\n\n                        <\/div>\n\t\t\t\t<\/div>\n\t\t\t<\/div>Address Palack\u00e9ho 696\/10,Nov\u00fd Ji\u010d\u00edn, 741 01 Contact Martin VacekBranch managermvacek@rework.cz,+420 731 572 755<div class=\"et_pb_module difl_iconlist difl_iconlist_0\">\n\t\t\t\t\n\t\t\t\t\n\t\t\t\t\n\t\t\t\t\n\t\t\t\t\n\t\t\t\t\n\t\t\t\t<div class=\"et_pb_module_inner\">\n\t\t\t\t\t<div class=\"difl_iconlist_notice\">Add one or more list items.<\/div>\n\t\t\t\t<\/div>\n\t\t\t<\/div><li class=\"et_pb_module difl_iconlistitem difl_iconlistitem_0\">\n\t\t\t\t\n\t\t\t\t\n\t\t\t\t\n\t\t\t\t\n\t\t\t\t\n\t\t\t\t\n\t\t\t\t<div class=\"et_pb_module_inner\">\n\t\t\t\t\t<span class=\"item-elements et_pb_with_background\">\n                    <span class=\"item-elements-group\"><span class=\"difl_icon_item_container\"><span class=\"difl_icon_item_icon_wrapper\"><span class=\"icon-element\"><span class=\"et-pb-icon difl_list_icon\">\uf0c0<\/span><\/span><\/span> <span class=\"difl_icon_item_content_wrapper\"><h4 class=\"difl_icon_item_header et_pb_with_background\"><span>70+ employees<\/span><\/h4><\/span><\/span><\/span>\n                    <span class=\"item-tooltip-data\" style=\"display:none\"><\/span>\n                <\/span>\n\t\t\t\t<\/div>\n\t\t\t<\/li><li class=\"et_pb_module difl_iconlistitem difl_iconlistitem_1\">\n\t\t\t\t\n\t\t\t\t\n\t\t\t\t\n\t\t\t\t\n\t\t\t\t\n\t\t\t\t\n\t\t\t\t<div class=\"et_pb_module_inner\">\n\t\t\t\t\t<span class=\"item-elements et_pb_with_background\">\n                    <span class=\"item-elements-group\"><span class=\"difl_icon_item_container\"><span class=\"difl_icon_item_icon_wrapper\"><span class=\"icon-element\"><span class=\"et-pb-icon difl_list_icon\">\uf494<\/span><\/span><\/span> <span class=\"difl_icon_item_content_wrapper\"><h4 class=\"difl_icon_item_header et_pb_with_background\"><span>2,000 m\u00b2 of storage and inspection space<\/span><\/h4><\/span><\/span><\/span>\n                    <span class=\"item-tooltip-data\" style=\"display:none\"><\/span>\n                <\/span>\n\t\t\t\t<\/div>\n\t\t\t<\/li><li class=\"et_pb_module difl_iconlistitem difl_iconlistitem_2\">\n\t\t\t\t\n\t\t\t\t\n\t\t\t\t\n\t\t\t\t\n\t\t\t\t\n\t\t\t\t\n\t\t\t\t<div class=\"et_pb_module_inner\">\n\t\t\t\t\t<span class=\"item-elements et_pb_with_background\">\n                    <span class=\"item-elements-group\"><span class=\"difl_icon_item_container\"><span class=\"difl_icon_item_icon_wrapper\"><span class=\"icon-element\"><span class=\"et-pb-icon difl_list_icon\"><\/span><\/span><\/span> <span class=\"difl_icon_item_content_wrapper\"><h4 class=\"difl_icon_item_header et_pb_with_background\"><span>&#8221;own<\/span><\/h4><\/span><\/span><\/span>\n                    <span class=\"item-tooltip-data\" style=\"display:none\"><\/span>\n                <\/span>\n\t\t\t\t<\/div>\n\t\t\t<\/li><\/p>\n","protected":false},"author":1,"featured_media":0,"parent":228855,"menu_order":0,"comment_status":"closed","ping_status":"closed","template":"","meta":{"_et_pb_use_builder":"on","_et_pb_old_content":"","_et_gb_content_width":"","inline_featured_image":false,"footnotes":""},"difl_page_category":[],"class_list":["post-228891","page","type-page","status-publish","hentry"],"_links":{"self":[{"href":"https:\/\/rework.cz\/en\/wp-json\/wp\/v2\/pages\/228891","targetHints":{"allow":["GET"]}}],"collection":[{"href":"https:\/\/rework.cz\/en\/wp-json\/wp\/v2\/pages"}],"about":[{"href":"https:\/\/rework.cz\/en\/wp-json\/wp\/v2\/types\/page"}],"author":[{"embeddable":true,"href":"https:\/\/rework.cz\/en\/wp-json\/wp\/v2\/users\/1"}],"replies":[{"embeddable":true,"href":"https:\/\/rework.cz\/en\/wp-json\/wp\/v2\/comments?post=228891"}],"version-history":[{"count":2,"href":"https:\/\/rework.cz\/en\/wp-json\/wp\/v2\/pages\/228891\/revisions"}],"predecessor-version":[{"id":228902,"href":"https:\/\/rework.cz\/en\/wp-json\/wp\/v2\/pages\/228891\/revisions\/228902"}],"up":[{"embeddable":true,"href":"https:\/\/rework.cz\/en\/wp-json\/wp\/v2\/pages\/228855"}],"wp:attachment":[{"href":"https:\/\/rework.cz\/en\/wp-json\/wp\/v2\/media?parent=228891"}],"wp:term":[{"taxonomy":"difl_page_category","embeddable":true,"href":"https:\/\/rework.cz\/en\/wp-json\/wp\/v2\/difl_page_category?post=228891"}],"curies":[{"name":"wp","href":"https:\/\/api.w.org\/{rel}","templated":true}]}}