{"id":228855,"date":"2026-02-02T19:19:46","date_gmt":"2026-02-02T19:19:46","guid":{"rendered":"https:\/\/rework.cz\/branches\/"},"modified":"2026-03-08T11:29:29","modified_gmt":"2026-03-08T11:29:29","slug":"branches","status":"publish","type":"page","link":"https:\/\/rework.cz\/en\/branches\/","title":{"rendered":"Branches"},"content":{"rendered":"<p>[et_pb_section fb_built=&#8221;1&#8243; _builder_version=&#8221;4.27.5&#8243; _module_preset=&#8221;default&#8221; background_color=&#8221;#03428E&#8221; use_background_color_gradient=&#8221;on&#8221; background_color_gradient_stops=&#8221;rgba(3,66,142,0.78) 1%|rgba(3,66,142,0.82) 100%&#8221; background_color_gradient_overlays_image=&#8221;on&#8221; background_image=&#8221;https:\/\/rework.cz\/wp-content\/uploads\/2026\/03\/img-120.webp&#8221; background_position=&#8221;top_center&#8221; custom_padding=&#8221;40px||28px|||&#8221; hover_enabled=&#8221;0&#8243; global_colors_info=&#8221;{}&#8221; title_text=&#8221;img-120&#8243; background_vertical_offset=&#8221;36%&#8221; sticky_enabled=&#8221;0&#8243;][et_pb_row _builder_version=&#8221;4.27.4&#8243; _module_preset=&#8221;default&#8221; width=&#8221;600px&#8221; max_width=&#8221;600px&#8221; global_colors_info=&#8221;{}&#8221;][et_pb_column type=&#8221;4_4&#8243; _builder_version=&#8221;4.27.4&#8243; _module_preset=&#8221;default&#8221; global_colors_info=&#8221;{}&#8221;][et_pb_icon font_icon=&#8221;&#xf126;||fa||900&#8243; icon_color=&#8221;#FFFFFF&#8221; icon_width=&#8221;49px&#8221; _builder_version=&#8221;4.27.5&#8243; _module_preset=&#8221;default&#8221; transform_rotate=&#8221;0deg|0deg|51deg&#8221; global_colors_info=&#8221;{}&#8221;][\/et_pb_icon][et_pb_text _builder_version=&#8221;4.27.5&#8243; _module_preset=&#8221;_initial&#8221; text_text_color=&#8221;#FFFFFF&#8221; text_font_size=&#8221;20px&#8221; link_font=&#8221;|700|||on||||&#8221; header_text_align=&#8221;center&#8221; header_text_color=&#8221;#FFFFFF&#8221; animation_direction=&#8221;bottom&#8221; global_colors_info=&#8221;{}&#8221;]<\/p>\n<h1 style=\"text-align: center;\">Branches<\/h1>\n<p style=\"text-align: center;\"><span>We have set automotive standards for all our branches and workplaces according to the 5S requirements. Our branches are fully equipped with all the facilities to provide services in the field of quality. <\/span><\/p>\n<p style=\"text-align: center;\">[\/et_pb_text][\/et_pb_column][\/et_pb_row][\/et_pb_section][et_pb_section fb_built=&#8221;1&#8243; module_id=&#8221;pobocky&#8221; _builder_version=&#8221;4.27.5&#8243; _module_preset=&#8221;default&#8221; custom_padding=&#8221;66px|||||&#8221; border_width_top=&#8221;1px&#8221; border_color_top=&#8221;rgba(3,66,142,0.5)&#8221; global_colors_info=&#8221;{}&#8221;][et_pb_row column_structure=&#8221;1_3,1_3,1_3&#8243; _builder_version=&#8221;4.27.5&#8243; _module_preset=&#8221;default&#8221; custom_padding=&#8221;4px|||||&#8221; global_colors_info=&#8221;{}&#8221;][et_pb_column type=&#8221;1_3&#8243; _builder_version=&#8221;4.27.5&#8243; _module_preset=&#8221;default&#8221; global_colors_info=&#8221;{}&#8221;][difl_advanced_blurb title=&#8221;Brno branch&#8221; sub_title=&#8221;Contacts&#8221; button_text=&#8221;Branch details&#8221; button_url=&#8221;@ET-DC@eyJkeW5hbWljIjp0cnVlLCJjb250ZW50IjoicG9zdF9saW5rX3VybF9wYWdlIiwic2V0dGluZ3MiOnsicG9zdF9pZCI6IjIyODM1MSIsImVuYWJsZV9odG1sIjoib2ZmIn19@&#8221; blurb_icon=&#8221;&#xe01d;||divi||400&#8243; _builder_version=&#8221;4.27.5&#8243; _dynamic_attributes=&#8221;button_url&#8221; _module_preset=&#8221;c60c0c0d-b0d0-4c73-aba0-5ef137bad299&#8243; global_colors_info=&#8221;{}&#8221;]<\/p>\n<p><strong>Luk\u00e1\u0161 Fatr<\/strong><br \/>Branch manager<br \/><a href=\"mailto:isramkova@rework.cz\">lfatr@rework.cz<\/a><span>,<\/span><br \/><a href=\"tel:+420733133909\">+420 730 895 748<\/a><\/p>\n<p>[\/difl_advanced_blurb][\/et_pb_column][et_pb_column type=&#8221;1_3&#8243; _builder_version=&#8221;4.27.5&#8243; _module_preset=&#8221;default&#8221; global_colors_info=&#8221;{}&#8221;][difl_advanced_blurb title=&#8221;Vset\u00edn branch&#8221; sub_title=&#8221;Contacts&#8221; button_text=&#8221;Branch details&#8221; button_url=&#8221;@ET-DC@eyJkeW5hbWljIjp0cnVlLCJjb250ZW50IjoicG9zdF9saW5rX3VybF9wYWdlIiwic2V0dGluZ3MiOnsicG9zdF9pZCI6IjIyODUyOSIsImVuYWJsZV9odG1sIjoib2ZmIn19@&#8221; blurb_icon=&#8221;&#xe01d;||divi||400&#8243; _builder_version=&#8221;4.27.5&#8243; _dynamic_attributes=&#8221;button_url,link_option_url&#8221; _module_preset=&#8221;c60c0c0d-b0d0-4c73-aba0-5ef137bad299&#8243; link_option_url=&#8221;@ET-DC@eyJkeW5hbWljIjp0cnVlLCJjb250ZW50IjoicG9zdF9saW5rX3VybF9wYWdlIiwic2V0dGluZ3MiOnsicG9zdF9pZCI6IjIyODUyOSIsImVuYWJsZV9odG1sIjoib2ZmIn19@&#8221; global_colors_info=&#8221;{}&#8221;]<\/p>\n<p><strong>Martin Vacek<\/strong><br \/>Branch manager<br \/><a href=\"mailto:mvacek@rework.cz\">mvacek@rework.cz<\/a><span>,<\/span><br \/><a href=\"tel:+420731572755\">+420 731 572 755<\/a><\/p>\n<p>[\/difl_advanced_blurb][\/et_pb_column][et_pb_column type=&#8221;1_3&#8243; _builder_version=&#8221;4.27.5&#8243; _module_preset=&#8221;default&#8221; global_colors_info=&#8221;{}&#8221;][difl_advanced_blurb title=&#8221;Jihlava branch&#8221; sub_title=&#8221;Contacts&#8221; button_text=&#8221;Branch details&#8221; button_url=&#8221;@ET-DC@eyJkeW5hbWljIjp0cnVlLCJjb250ZW50IjoicG9zdF9saW5rX3VybF9wYWdlIiwic2V0dGluZ3MiOnsicG9zdF9pZCI6IjIyODU0MCIsImVuYWJsZV9odG1sIjoib2ZmIn19@&#8221; blurb_icon=&#8221;&#xe01d;||divi||400&#8243; _builder_version=&#8221;4.27.5&#8243; _dynamic_attributes=&#8221;button_url,link_option_url&#8221; _module_preset=&#8221;c60c0c0d-b0d0-4c73-aba0-5ef137bad299&#8243; link_option_url=&#8221;@ET-DC@eyJkeW5hbWljIjp0cnVlLCJjb250ZW50IjoicG9zdF9saW5rX3VybF9wYWdlIiwic2V0dGluZ3MiOnsicG9zdF9pZCI6IjIyODU0MCIsImVuYWJsZV9odG1sIjoib2ZmIn19@&#8221; global_colors_info=&#8221;{}&#8221;]<\/p>\n<p><strong>Luk\u00e1\u0161 Fatr<\/strong><br \/>Branch manager<br \/><a href=\"mailto:lfatr@rework.cz\">lfatr@rework.cz<\/a><span>,<\/span><br \/><a href=\"tel:+420730895748\">+420 730 895 748<\/a><\/p>\n<p>[\/difl_advanced_blurb][\/et_pb_column][\/et_pb_row][et_pb_row column_structure=&#8221;1_3,1_3,1_3&#8243; _builder_version=&#8221;4.27.5&#8243; _module_preset=&#8221;default&#8221; custom_margin=&#8221;28px|auto||auto||&#8221; custom_padding=&#8221;4px|||||&#8221; global_colors_info=&#8221;{}&#8221;][et_pb_column type=&#8221;1_3&#8243; _builder_version=&#8221;4.27.5&#8243; _module_preset=&#8221;default&#8221; global_colors_info=&#8221;{}&#8221;][difl_advanced_blurb title=&#8221;Kl\u00e1\u0161terec nad Oh\u0159\u00ed branch&#8221; sub_title=&#8221;Contacts&#8221; button_text=&#8221;Branch details&#8221; button_url=&#8221;@ET-DC@eyJkeW5hbWljIjp0cnVlLCJjb250ZW50IjoicG9zdF9saW5rX3VybF9wYWdlIiwic2V0dGluZ3MiOnsicG9zdF9pZCI6IjIyODU1MiIsImVuYWJsZV9odG1sIjoib2ZmIn19@&#8221; blurb_icon=&#8221;&#xe01d;||divi||400&#8243; _builder_version=&#8221;4.27.5&#8243; _dynamic_attributes=&#8221;button_url,link_option_url&#8221; _module_preset=&#8221;c60c0c0d-b0d0-4c73-aba0-5ef137bad299&#8243; link_option_url=&#8221;@ET-DC@eyJkeW5hbWljIjp0cnVlLCJjb250ZW50IjoicG9zdF9saW5rX3VybF9wYWdlIiwic2V0dGluZ3MiOnsicG9zdF9pZCI6IjIyODU1MiIsImVuYWJsZV9odG1sIjoib2ZmIn19@&#8221; global_colors_info=&#8221;{}&#8221;]<\/p>\n<p><strong>Petr Lakatos<\/strong><br \/>Branch manager<br \/><a href=\"mailto:plakatos@rework.cz\">plakatos@rework.cz<\/a><span>,<\/span><br \/><a href=\"tel:+420605209591\">+420 605 209 591<\/a><\/p>\n<p>[\/difl_advanced_blurb][\/et_pb_column][et_pb_column type=&#8221;1_3&#8243; _builder_version=&#8221;4.27.5&#8243; _module_preset=&#8221;default&#8221; global_colors_info=&#8221;{}&#8221;][difl_advanced_blurb title=&#8221;Nov\u00fd Ji\u010d\u00edn branch&#8221; sub_title=&#8221;Contacts&#8221; button_text=&#8221;Branch details&#8221; button_url=&#8221;@ET-DC@eyJkeW5hbWljIjp0cnVlLCJjb250ZW50IjoicG9zdF9saW5rX3VybF9wYWdlIiwic2V0dGluZ3MiOnsicG9zdF9pZCI6IjIyODU2NiIsImVuYWJsZV9odG1sIjoib2ZmIn19@&#8221; blurb_icon=&#8221;&#xe01d;||divi||400&#8243; _builder_version=&#8221;4.27.5&#8243; _dynamic_attributes=&#8221;button_url,link_option_url&#8221; _module_preset=&#8221;c60c0c0d-b0d0-4c73-aba0-5ef137bad299&#8243; link_option_url=&#8221;@ET-DC@eyJkeW5hbWljIjp0cnVlLCJjb250ZW50IjoicG9zdF9saW5rX3VybF9wYWdlIiwic2V0dGluZ3MiOnsicG9zdF9pZCI6IjIyODU2NiIsImVuYWJsZV9odG1sIjoib2ZmIn19@&#8221; global_colors_info=&#8221;{}&#8221;]<\/p>\n<p><strong>Martin Vacek<\/strong><br \/>Branch manager<br \/><a href=\"mailto:mvacek@rework.cz\">mvacek@rework.cz<\/a><span>,<\/span><br \/><a href=\"tel:+420731572755\">+420 731 572 755<\/a><\/p>\n<p>[\/difl_advanced_blurb][\/et_pb_column][et_pb_column type=&#8221;1_3&#8243; _builder_version=&#8221;4.27.5&#8243; _module_preset=&#8221;default&#8221; global_colors_info=&#8221;{}&#8221;][difl_advanced_blurb title=&#8221;Mlad\u00e1 Boleslav branch&#8221; sub_title=&#8221;Contacts&#8221; button_text=&#8221;Branch details&#8221; button_url=&#8221;@ET-DC@eyJkeW5hbWljIjp0cnVlLCJjb250ZW50IjoicG9zdF9saW5rX3VybF9wYWdlIiwic2V0dGluZ3MiOnsicG9zdF9pZCI6IjIyODU4NCIsImVuYWJsZV9odG1sIjoib2ZmIn19@&#8221; blurb_icon=&#8221;&#xe01d;||divi||400&#8243; _builder_version=&#8221;4.27.5&#8243; _dynamic_attributes=&#8221;link_option_url,button_url&#8221; _module_preset=&#8221;c60c0c0d-b0d0-4c73-aba0-5ef137bad299&#8243; link_option_url=&#8221;@ET-DC@eyJkeW5hbWljIjp0cnVlLCJjb250ZW50IjoicG9zdF9saW5rX3VybF9wYWdlIiwic2V0dGluZ3MiOnsicG9zdF9pZCI6IjIyODU4NCIsImVuYWJsZV9odG1sIjoib2ZmIn19@&#8221; global_colors_info=&#8221;{}&#8221;]<\/p>\n<h6>Facility \u2013 Josef\u016fv D\u016fl Industrial Area<\/h6>\n<p><strong>Gabriela Kol\u00e1torov\u00e1<\/strong><br \/>Branch manager<br \/><a href=\"mailto:gkolatorova@rework.cz\">gkolatorova@rework.cz<\/a>,<br \/><a href=\"tel:+420731413093\">+420<span> <\/span><\/a><a href=\"tel:+420734202289\">734 202 289<\/a><\/p>\n<h6>Kvasiny facility<\/h6>\n<p><strong>Alena Dynterov\u00e1<\/strong><br \/>Branch manager<br \/><a href=\"mailto:adynterova@rework.cz\" target=\"_blank\" rel=\"noopener\">adynterova@rework.cz<\/a><br \/><a href=\"tel:+420734202283\">+420 734 202 283<\/a><\/p>\n<p>[\/difl_advanced_blurb][\/et_pb_column][\/et_pb_row][\/et_pb_section][et_pb_section fb_built=&#8221;1&#8243; _builder_version=&#8221;4.27.4&#8243; _module_preset=&#8221;default&#8221; background_color=&#8221;#f8f7f7&#8243; global_colors_info=&#8221;{}&#8221;][et_pb_row _builder_version=&#8221;4.25.1&#8243; _module_preset=&#8221;default&#8221; custom_padding=&#8221;5px||13px|||&#8221; global_colors_info=&#8221;{}&#8221;][et_pb_column type=&#8221;4_4&#8243; _builder_version=&#8221;4.25.1&#8243; _module_preset=&#8221;default&#8221; global_colors_info=&#8221;{}&#8221;][et_pb_heading title=&#8221;Basic workplace equipment&#8221; _builder_version=&#8221;4.27.5&#8243; _module_preset=&#8221;default&#8221; title_level=&#8221;h2&#8243; title_text_align=&#8221;center&#8221; global_colors_info=&#8221;{}&#8221;][\/et_pb_heading][\/et_pb_column][\/et_pb_row][et_pb_row _builder_version=&#8221;4.27.5&#8243; _module_preset=&#8221;default&#8221; global_colors_info=&#8221;{}&#8221;][et_pb_column type=&#8221;4_4&#8243; _builder_version=&#8221;4.27.5&#8243; _module_preset=&#8221;default&#8221; global_colors_info=&#8221;{}&#8221;][difl_iconlist list_view_type=&#8221;inline&#8221; list_item_per_column=&#8221;4&#8243; list_item_gap=&#8221;13px&#8221; list_item_horizontal_alignment=&#8221;center&#8221; list_item_equal_width=&#8221;on&#8221; list_item_elements_align=&#8221;on&#8221; list_item_icon_color=&#8221;#F37021&#8243; list_item_icon_size=&#8221;36px&#8221; list_item_icon_placement=&#8221;column&#8221; list_item_icon_alignment=&#8221;center&#8221; list_item_icon_wrapper_margin=&#8221;13px||||false|false&#8221; _builder_version=&#8221;4.27.5&#8243; _module_preset=&#8221;default&#8221; child_title_text_text_align=&#8221;center&#8221; child_title_text_font_size=&#8221;20px&#8221; child_title_text_line_height=&#8221;1.8em&#8221; border_color_all_child_wrapper_element=&#8221;rgba(3,66,142,0.22)&#8221; global_colors_info=&#8221;{}&#8221;][difl_iconlistitem list_item_title=&#8221;Forklift and a pallet truck&#8221; list_item_icon=&#8221;&#xf474;||fa||900&#8243; _builder_version=&#8221;4.27.5&#8243; global_colors_info=&#8221;{}&#8221;][\/difl_iconlistitem][difl_iconlistitem list_item_title=&#8221;Compressed air&#8221; list_item_icon=&#8221;&#xf72e;||fa||900&#8243; _builder_version=&#8221;4.27.5&#8243; global_colors_info=&#8221;{}&#8221;][\/difl_iconlistitem][difl_iconlistitem list_item_title=&#8221;Measuring instruments (calipers, gauges, &#8230;)&#8221; list_item_icon=&#8221;&#xf546;||fa||900&#8243; _builder_version=&#8221;4.27.5&#8243; global_colors_info=&#8221;{}&#8221;][\/difl_iconlistitem][difl_iconlistitem list_item_title=&#8221;Magnifiers and microscopes&#8221; list_item_icon=&#8221;&#xf610;||fa||900&#8243; admin_label=&#8221;List item&#8221; _builder_version=&#8221;4.27.5&#8243; _module_preset=&#8221;default&#8221; global_colors_info=&#8221;{}&#8221;][\/difl_iconlistitem][difl_iconlistitem list_item_title=&#8221;Small tools&#8221; list_item_icon=&#8221;&#xf7d9;||fa||900&#8243; admin_label=&#8221;List item&#8221; _builder_version=&#8221;4.27.5&#8243; _module_preset=&#8221;default&#8221; global_colors_info=&#8221;{}&#8221;][\/difl_iconlistitem][difl_iconlistitem list_item_title=&#8221;Co-operative jig production&#8221; list_item_icon=&#8221;&#xf509;||fa||900&#8243; admin_label=&#8221;List item&#8221; _builder_version=&#8221;4.27.5&#8243; _module_preset=&#8221;default&#8221; global_colors_info=&#8221;{}&#8221;][\/difl_iconlistitem][difl_iconlistitem list_item_title=&#8221;Own transport \u2013 van \/ truck&#8221; list_item_icon=&#8221;&#xf0d1;||fa||900&#8243; admin_label=&#8221;List item&#8221; _builder_version=&#8221;4.27.5&#8243; _module_preset=&#8221;default&#8221; global_colors_info=&#8221;{}&#8221;][\/difl_iconlistitem][difl_iconlistitem list_item_title=&#8221;Others according to client&#039;s requirements&#8221; list_item_icon=&#8221;&#xf058;||fa||400&#8243; admin_label=&#8221;List item&#8221; _builder_version=&#8221;4.27.5&#8243; _module_preset=&#8221;default&#8221; global_colors_info=&#8221;{}&#8221;][\/difl_iconlistitem][\/difl_iconlist][\/et_pb_column][\/et_pb_row][\/et_pb_section]<\/p>\n","protected":false},"excerpt":{"rendered":"<p>Branches We have set automotive standards for all our branches and workplaces according to the 5S requirements. Our branches are fully equipped with all the facilities to provide services in the field of quality. <div class=\"et_pb_module difl_advanced_blurb difl_advanced_blurb_0\">\n\t\t\t\t\n\t\t\t\t\n\t\t\t\t\n\t\t\t\t\n\t\t\t\t\n\t\t\t\t\n\t\t\t\t<div class=\"et_pb_module_inner\">\n\t\t\t\t\t<div class=\"df_ab_blurb_container\"> <div class=\"df_ab_blurb_content_container\"><div class=\"df_ab_blurb_image icon placement_icon_flex_top\"><span class=\"et-pb-icon df-blurb-icon\">&#xe01d;<\/span><\/div> <h3  class=\"df_ab_blurb_title\">Brno branch<\/h3 > <h4  class=\"df_ab_blurb_sub_title\">Contacts<\/h4 > <div class=\"df_ab_blurb_description\">Luk\u00e1\u0161 FatrBranch managerlfatr@rework.cz,+420 730 895 748<\/div> <div class=\"df_ab_blurb_button_wrapper\">\n                                <a href=\"\"  class=\"df_ab_blurb_button\" data-icon=\"5\"> <span>Branch details<\/span> <span class=\"et-pb-icon df-blurb-button-icon\">5<\/span><\/a>\n                            <\/div> <\/div><\/div>\n\t\t\t\t<\/div>\n\t\t\t<\/div><div class=\"et_pb_module difl_advanced_blurb difl_advanced_blurb_1\">\n\t\t\t\t\n\t\t\t\t\n\t\t\t\t\n\t\t\t\t\n\t\t\t\t\n\t\t\t\t\n\t\t\t\t<div class=\"et_pb_module_inner\">\n\t\t\t\t\t<div class=\"df_ab_blurb_container\"> <div class=\"df_ab_blurb_content_container\"><div class=\"df_ab_blurb_image image placement_image_flex_top\"><\/div> <h3  class=\"df_ab_blurb_title\">&#8221;Vset\u00edn<\/h3 > <h4  class=\"df_ab_blurb_sub_title\">&#8221;Contacts&#8221;<\/h4 >  <div class=\"df_ab_blurb_button_wrapper\">\n                                <a href=\"\"  class=\"df_ab_blurb_button\" data-icon=\"5\"> <span>&#8221;Branch<\/span> <\/a>\n                            <\/div> <\/div><\/div>\n\t\t\t\t<\/div>\n\t\t\t<\/div><\/p>\n","protected":false},"author":1,"featured_media":0,"parent":0,"menu_order":0,"comment_status":"closed","ping_status":"closed","template":"","meta":{"_et_pb_use_builder":"on","_et_pb_old_content":"","_et_gb_content_width":"","inline_featured_image":false,"footnotes":""},"difl_page_category":[],"class_list":["post-228855","page","type-page","status-publish","hentry"],"_links":{"self":[{"href":"https:\/\/rework.cz\/en\/wp-json\/wp\/v2\/pages\/228855","targetHints":{"allow":["GET"]}}],"collection":[{"href":"https:\/\/rework.cz\/en\/wp-json\/wp\/v2\/pages"}],"about":[{"href":"https:\/\/rework.cz\/en\/wp-json\/wp\/v2\/types\/page"}],"author":[{"embeddable":true,"href":"https:\/\/rework.cz\/en\/wp-json\/wp\/v2\/users\/1"}],"replies":[{"embeddable":true,"href":"https:\/\/rework.cz\/en\/wp-json\/wp\/v2\/comments?post=228855"}],"version-history":[{"count":2,"href":"https:\/\/rework.cz\/en\/wp-json\/wp\/v2\/pages\/228855\/revisions"}],"predecessor-version":[{"id":228858,"href":"https:\/\/rework.cz\/en\/wp-json\/wp\/v2\/pages\/228855\/revisions\/228858"}],"wp:attachment":[{"href":"https:\/\/rework.cz\/en\/wp-json\/wp\/v2\/media?parent=228855"}],"wp:term":[{"taxonomy":"difl_page_category","embeddable":true,"href":"https:\/\/rework.cz\/en\/wp-json\/wp\/v2\/difl_page_category?post=228855"}],"curies":[{"name":"wp","href":"https:\/\/api.w.org\/{rel}","templated":true}]}}