{"id":228834,"date":"2026-02-02T18:40:59","date_gmt":"2026-02-02T18:40:59","guid":{"rendered":"https:\/\/rework.cz\/contact\/"},"modified":"2026-04-08T05:53:05","modified_gmt":"2026-04-08T05:53:05","slug":"contact","status":"publish","type":"page","link":"https:\/\/rework.cz\/en\/contact\/","title":{"rendered":"Contact"},"content":{"rendered":"<p>[et_pb_section fb_built=&#8221;1&#8243; _builder_version=&#8221;4.27.4&#8243; _module_preset=&#8221;default&#8221; background_color=&#8221;#03428E&#8221; use_background_color_gradient=&#8221;on&#8221; background_color_gradient_stops=&#8221;rgba(3,66,142,0.65) 0%|rgba(3,66,142,0.56) 100%&#8221; background_color_gradient_overlays_image=&#8221;on&#8221; background_image=&#8221;https:\/\/rework.cz\/wp-content\/uploads\/2026\/02\/tm-technik-budova.png&#8221; global_colors_info=&#8221;{}&#8221;][et_pb_row _builder_version=&#8221;4.27.4&#8243; _module_preset=&#8221;default&#8221; width=&#8221;600px&#8221; max_width=&#8221;600px&#8221; global_colors_info=&#8221;{}&#8221;][et_pb_column type=&#8221;4_4&#8243; _builder_version=&#8221;4.27.4&#8243; _module_preset=&#8221;default&#8221; global_colors_info=&#8221;{}&#8221;][et_pb_icon font_icon=&#8221;&#xf0e0;||fa||400&#8243; icon_color=&#8221;#FFFFFF&#8221; icon_width=&#8221;48px&#8221; _builder_version=&#8221;4.27.5&#8243; _module_preset=&#8221;default&#8221; global_colors_info=&#8221;{}&#8221;][\/et_pb_icon][et_pb_text _builder_version=&#8221;4.27.5&#8243; _module_preset=&#8221;_initial&#8221; text_text_color=&#8221;#FFFFFF&#8221; link_font=&#8221;|700|||on||||&#8221; header_text_align=&#8221;center&#8221; header_text_color=&#8221;#FFFFFF&#8221; animation_direction=&#8221;bottom&#8221; global_colors_info=&#8221;{}&#8221;]<\/p>\n<h1 style=\"text-align: center;\">Contact<\/h1>\n<p style=\"text-align: center;\">[\/et_pb_text][\/et_pb_column][\/et_pb_row][\/et_pb_section][et_pb_section fb_built=&#8221;1&#8243; _builder_version=&#8221;4.27.4&#8243; _module_preset=&#8221;default&#8221; custom_padding=&#8221;43px||23px|||&#8221; global_colors_info=&#8221;{}&#8221;][et_pb_row column_structure=&#8221;2_5,3_5&#8243; _builder_version=&#8221;4.27.4&#8243; _module_preset=&#8221;default&#8221; global_colors_info=&#8221;{}&#8221;][et_pb_column type=&#8221;2_5&#8243; _builder_version=&#8221;4.27.4&#8243; _module_preset=&#8221;default&#8221; global_colors_info=&#8221;{}&#8221;][et_pb_text _builder_version=&#8221;4.27.5&#8243; _module_preset=&#8221;_initial&#8221; link_font=&#8221;|700|||on||||&#8221; animation_direction=&#8221;bottom&#8221; global_colors_info=&#8221;{}&#8221;]<\/p>\n<h4>100% REWORK s.r.o.<\/h4>\n<p>Ka\u0161tanov\u00e1 530\/125b<br \/>620 00 Brno CZ<br \/>+420 515 500 777<br \/>E-mail: <a href=\"mailto:info@rework.cz\">info@rework.cz<\/a><\/p>\n<p>[\/et_pb_text][et_pb_button button_url=&#8221;https:\/\/www.google.cz\/maps\/place\/QPAG+s.r.o.\/@49.1583438,16.6369052,17z\/data=!4m6!3m5!1s0x4712951cb2ea00a7:0x187a533ec5b432b7!8m2!3d49.1584771!4d16.6386647!16s%2Fg%2F11rmw6v0tj?entry=ttu&#038;g_ep=EgoyMDI1MDgxOS4wIKXMDSoASAFQAw%3D%3D&#8221; url_new_window=&#8221;on&#8221; button_text=&#8221;Get directions &#8221; _builder_version=&#8221;4.27.4&#8243; _module_preset=&#8221;_initial&#8221; custom_button=&#8221;on&#8221; button_text_color=&#8221;#FFFFFF&#8221; button_bg_color=&#8221;#F37021&#8243; button_border_width=&#8221;0px&#8221; button_icon=&#8221;&#xe01d;||divi||400&#8243; button_icon_color=&#8221;#FFFFFF&#8221; button_icon_placement=&#8221;left&#8221; button_on_hover=&#8221;off&#8221; animation_style=&#8221;slide&#8221; animation_direction=&#8221;bottom&#8221; animation_intensity_slide=&#8221;5%&#8221; global_colors_info=&#8221;{}&#8221;][\/et_pb_button][et_pb_button button_url=&#8221;@ET-DC@eyJkeW5hbWljIjp0cnVlLCJjb250ZW50IjoicG9zdF9saW5rX3VybF9wYWdlIiwic2V0dGluZ3MiOnsicG9zdF9pZCI6IjIyODMzNCIsImVuYWJsZV9odG1sIjoib2ZmIn19@&#8221; url_new_window=&#8221;on&#8221; button_text=&#8221;Our Branches&#8221; _builder_version=&#8221;4.27.5&#8243; _dynamic_attributes=&#8221;button_url&#8221; _module_preset=&#8221;_initial&#8221; custom_button=&#8221;on&#8221; button_text_color=&#8221;#FFFFFF&#8221; button_bg_color=&#8221;#F37021&#8243; button_border_width=&#8221;0px&#8221; button_icon=&#8221;&#xf5a0;||fa||900&#8243; button_icon_color=&#8221;#FFFFFF&#8221; button_icon_placement=&#8221;left&#8221; button_on_hover=&#8221;off&#8221; animation_style=&#8221;slide&#8221; animation_direction=&#8221;bottom&#8221; animation_intensity_slide=&#8221;5%&#8221; global_colors_info=&#8221;{}&#8221;][\/et_pb_button][et_pb_text _builder_version=&#8221;4.27.5&#8243; _module_preset=&#8221;_initial&#8221; link_font=&#8221;|700|||on||||&#8221; custom_margin=&#8221;51px|||||&#8221; animation_style=&#8221;slide&#8221; animation_direction=&#8221;bottom&#8221; animation_intensity_slide=&#8221;5%&#8221; global_colors_info=&#8221;{}&#8221;]<\/p>\n<h2>Company management<\/h2>\n<p><strong>Ing. Martina Musilov\u00e1, MBA<\/strong><br \/>\u0158editelka spole\u010dnosti \/ CEO<br \/>Tel.: +420 734 668 856<br \/>E-mail:<span> <\/span><a href=\"https:\/\/www.rework.cz\/cs\/kontakt#\">mmusilova@rework.cz<\/a><\/p>\n<p>[\/et_pb_text][et_pb_text _builder_version=&#8221;4.27.5&#8243; _module_preset=&#8221;_initial&#8221; link_font=&#8221;|700|||on||||&#8221; custom_margin=&#8221;32px|||||&#8221; animation_style=&#8221;slide&#8221; animation_direction=&#8221;bottom&#8221; animation_intensity_slide=&#8221;5%&#8221; global_colors_info=&#8221;{}&#8221;]<\/p>\n<h2>Company Assistant<\/h2>\n<p><strong>Elena \u0158\u00edhov\u00e1<\/strong><br \/>tel: +420 603 985 465<br \/>e-mail: <a href=\"mailto:info@rework.cz\" target=\"_blank\" rel=\"noopener\">info@rework.cz<\/a><br \/>e-mail: <a href=\"mailto:erihova@qpag.cz\" target=\"_blank\" rel=\"noopener\">erihova@qpag.cz<\/a><\/p>\n<p>[\/et_pb_text][\/et_pb_column][et_pb_column type=&#8221;3_5&#8243; _builder_version=&#8221;4.27.4&#8243; _module_preset=&#8221;default&#8221; global_colors_info=&#8221;{}&#8221;][et_pb_code _builder_version=&#8221;4.27.4&#8243; _module_preset=&#8221;default&#8221; global_colors_info=&#8221;{}&#8221;]<iframe src=\"https:\/\/www.google.com\/maps\/embed?pb=!1m18!1m12!1m3!1d2609.224660607773!2d16.636905170886212!3d49.158343789616346!2m3!1f0!2f0!3f0!3m2!1i1024!2i768!4f13.1!3m3!1m2!1s0x4712951cb2ea00a7%3A0x187a533ec5b432b7!2sQPAG%20s.r.o.!5e0!3m2!1scs!2scz!4v1756057449882!5m2!1scs!2scz\" width=\"100%\" height=\"500\" style=\"border:0;\" allowfullscreen=\"\" loading=\"lazy\" referrerpolicy=\"no-referrer-when-downgrade\"><\/iframe>[\/et_pb_code][\/et_pb_column][\/et_pb_row][\/et_pb_section][et_pb_section fb_built=&#8221;1&#8243; specialty=&#8221;on&#8221; _builder_version=&#8221;4.27.5&#8243; _module_preset=&#8221;default&#8221; custom_padding=&#8221;0px||63px|||&#8221; global_colors_info=&#8221;{}&#8221;][et_pb_column type=&#8221;2_3&#8243; specialty_columns=&#8221;2&#8243; _builder_version=&#8221;4.16&#8243; custom_padding=&#8221;|||&#8221; global_colors_info=&#8221;{}&#8221; custom_padding__hover=&#8221;|||&#8221;][et_pb_row_inner column_structure=&#8221;1_2,1_2&#8243; _builder_version=&#8221;4.27.5&#8243; _module_preset=&#8221;default&#8221; global_colors_info=&#8221;{}&#8221;][et_pb_column_inner type=&#8221;1_2&#8243; saved_specialty_column_type=&#8221;2_3&#8243; _builder_version=&#8221;4.27.5&#8243; _module_preset=&#8221;default&#8221; global_colors_info=&#8221;{}&#8221;][et_pb_text _builder_version=&#8221;4.27.5&#8243; _module_preset=&#8221;_initial&#8221; link_font=&#8221;|700|||on||||&#8221; animation_style=&#8221;slide&#8221; animation_direction=&#8221;bottom&#8221; animation_intensity_slide=&#8221;5%&#8221; global_colors_info=&#8221;{}&#8221;]<\/p>\n<h2>Measurement Centre<\/h2>\n<p>100% REWORK s.r.o.<br \/>Ka\u0161tanov\u00e1 530\/125b<br \/>620 00 Brno CZ<br \/><a href=\"https:\/\/www.google.cz\/maps\/place\/QPAG+s.r.o.\/@49.1584806,16.6364707,17z\/data=!3m1!4b1!4m5!3m4!1s0x4712951cb2ea00a7:0x187a533ec5b432b7!8m2!3d49.1585135!4d16.6391025\" target=\"_blank\" rel=\"noopener\">Uk\u00e1zat na map\u011b<\/a><\/p>\n<p>Tel.: +420 731 506 644<br \/>E-mail:<span> <\/span><a href=\"https:\/\/www.rework.cz\/cs\/kontakt#\">kms@rework.cz<\/a><\/p>\n<p>[\/et_pb_text][\/et_pb_column_inner][et_pb_column_inner type=&#8221;1_2&#8243; saved_specialty_column_type=&#8221;2_3&#8243; _builder_version=&#8221;4.27.5&#8243; _module_preset=&#8221;default&#8221; global_colors_info=&#8221;{}&#8221;][et_pb_text _builder_version=&#8221;4.27.5&#8243; _module_preset=&#8221;_initial&#8221; link_font=&#8221;|700|||on||||&#8221; animation_style=&#8221;slide&#8221; animation_direction=&#8221;bottom&#8221; animation_intensity_slide=&#8221;5%&#8221; global_colors_info=&#8221;{}&#8221;]<\/p>\n<h2>Recruitment Centre <\/h2>\n<p>100% REWORK s.r.o.<br \/>Ka\u0161tanov\u00e1 530\/125b<br \/>620 00 Brno CZ<br \/><a href=\"https:\/\/www.google.cz\/maps\/place\/QPAG+s.r.o.\/@49.1584806,16.6364707,17z\/data=!3m1!4b1!4m5!3m4!1s0x4712951cb2ea00a7:0x187a533ec5b432b7!8m2!3d49.1585135!4d16.6391025\" target=\"_blank\" rel=\"noopener\">Uk\u00e1zat na map\u011b<\/a><\/p>\n<p>Tel.: +420 515 500 757<br \/>E-mail:<span> <\/span><a href=\"mailto:nabor@rework.cz\">nabor@rework.cz<\/a><\/p>\n<p>[\/et_pb_text][\/et_pb_column_inner][\/et_pb_row_inner][et_pb_row_inner _builder_version=&#8221;4.27.5&#8243; _module_preset=&#8221;default&#8221; global_colors_info=&#8221;{}&#8221;][et_pb_column_inner saved_specialty_column_type=&#8221;2_3&#8243; _builder_version=&#8221;4.27.5&#8243; _module_preset=&#8221;default&#8221; global_colors_info=&#8221;{}&#8221;][et_pb_text _builder_version=&#8221;4.27.4&#8243; _module_preset=&#8221;_initial&#8221; link_font=&#8221;|700|||on||||&#8221; animation_style=&#8221;slide&#8221; animation_direction=&#8221;bottom&#8221; animation_intensity_slide=&#8221;5%&#8221; global_colors_info=&#8221;{}&#8221;]<\/p>\n<h3>Send us your contact details.<br \/>We will get back to you as soon as possible!<\/h3>\n<p>[\/et_pb_text][et_pb_contact_form use_spam_service=&#8221;on&#8221; recaptcha_list=&#8221;Rework recaptcha|Rework recaptcha-0&#8243; email=&#8221;marketing@qpag.cz, info@rework.cz&#8221; _builder_version=&#8221;4.27.6&#8243; _module_preset=&#8221;default&#8221; _unique_id=&#8221;fc931c2e-1c4b-49f0-90eb-92c3f614f593&#8243; hover_enabled=&#8221;0&#8243; global_colors_info=&#8221;{}&#8221; custom_message=&#8221;Byla odesl\u00e1na nov\u00e1 zpr\u00e1va z webov\u00e9ho formul\u00e1\u0159e Rework.||et_pb_line_break_holder||||et_pb_line_break_holder||Odesl\u00e1no ze str\u00e1nky:||et_pb_line_break_holder||%%page_name%%||et_pb_line_break_holder||%%page_url%%||et_pb_line_break_holder||||et_pb_line_break_holder||&#8212;&#8212;&#8212;&#8212;&#8212;&#8212;&#8212;&#8212;&#8212;&#8212;&#8212;-||et_pb_line_break_holder||||et_pb_line_break_holder||Jm\u00e9no:||et_pb_line_break_holder||%%Jmeno%%||et_pb_line_break_holder||||et_pb_line_break_holder||Firma:||et_pb_line_break_holder||%%firma%%||et_pb_line_break_holder||||et_pb_line_break_holder||Telefon:||et_pb_line_break_holder||%%Telefon%%||et_pb_line_break_holder||||et_pb_line_break_holder||E-mail:||et_pb_line_break_holder||%%Email%%||et_pb_line_break_holder||||et_pb_line_break_holder||Zpr\u00e1va:||et_pb_line_break_holder||%%Zprava%%||et_pb_line_break_holder||||et_pb_line_break_holder||&#8212;&#8212;&#8212;&#8212;&#8212;&#8212;&#8212;&#8212;&#8212;&#8212;&#8212;-&#8221; sticky_enabled=&#8221;0&#8243;][et_pb_contact_field field_id=&#8221;jmeno&#8221; field_title=&#8221;Name&#8221; _builder_version=&#8221;4.27.4&#8243; _module_preset=&#8221;default&#8221; global_colors_info=&#8221;{}&#8221; button_text_size__hover_enabled=&#8221;off&#8221; button_one_text_size__hover_enabled=&#8221;off&#8221; button_two_text_size__hover_enabled=&#8221;off&#8221; button_text_color__hover_enabled=&#8221;off&#8221; button_one_text_color__hover_enabled=&#8221;off&#8221; button_two_text_color__hover_enabled=&#8221;off&#8221; button_border_width__hover_enabled=&#8221;off&#8221; button_one_border_width__hover_enabled=&#8221;off&#8221; button_two_border_width__hover_enabled=&#8221;off&#8221; button_border_color__hover_enabled=&#8221;off&#8221; button_one_border_color__hover_enabled=&#8221;off&#8221; button_two_border_color__hover_enabled=&#8221;off&#8221; button_border_radius__hover_enabled=&#8221;off&#8221; button_one_border_radius__hover_enabled=&#8221;off&#8221; button_two_border_radius__hover_enabled=&#8221;off&#8221; button_letter_spacing__hover_enabled=&#8221;off&#8221; button_one_letter_spacing__hover_enabled=&#8221;off&#8221; button_two_letter_spacing__hover_enabled=&#8221;off&#8221; button_bg_color__hover_enabled=&#8221;off&#8221; button_one_bg_color__hover_enabled=&#8221;off&#8221; button_two_bg_color__hover_enabled=&#8221;off&#8221;][\/et_pb_contact_field][et_pb_contact_field field_id=&#8221;jmeno_firmy&#8221; field_title=&#8221;Company name&#8221; _builder_version=&#8221;4.27.4&#8243; _module_preset=&#8221;default&#8221; global_colors_info=&#8221;{}&#8221;][\/et_pb_contact_field][et_pb_contact_field field_id=&#8221;Email&#8221; field_title=&#8221;E-mail&#8221; field_type=&#8221;email&#8221; _builder_version=&#8221;4.16&#8243; _module_preset=&#8221;default&#8221; global_colors_info=&#8221;{}&#8221; button_text_size__hover_enabled=&#8221;off&#8221; button_one_text_size__hover_enabled=&#8221;off&#8221; button_two_text_size__hover_enabled=&#8221;off&#8221; button_text_color__hover_enabled=&#8221;off&#8221; button_one_text_color__hover_enabled=&#8221;off&#8221; button_two_text_color__hover_enabled=&#8221;off&#8221; button_border_width__hover_enabled=&#8221;off&#8221; button_one_border_width__hover_enabled=&#8221;off&#8221; button_two_border_width__hover_enabled=&#8221;off&#8221; button_border_color__hover_enabled=&#8221;off&#8221; button_one_border_color__hover_enabled=&#8221;off&#8221; button_two_border_color__hover_enabled=&#8221;off&#8221; button_border_radius__hover_enabled=&#8221;off&#8221; button_one_border_radius__hover_enabled=&#8221;off&#8221; button_two_border_radius__hover_enabled=&#8221;off&#8221; button_letter_spacing__hover_enabled=&#8221;off&#8221; button_one_letter_spacing__hover_enabled=&#8221;off&#8221; button_two_letter_spacing__hover_enabled=&#8221;off&#8221; button_bg_color__hover_enabled=&#8221;off&#8221; button_one_bg_color__hover_enabled=&#8221;off&#8221; button_two_bg_color__hover_enabled=&#8221;off&#8221;][\/et_pb_contact_field][et_pb_contact_field field_id=&#8221;telefon&#8221; field_title=&#8221;Phone&#8221; _builder_version=&#8221;4.27.4&#8243; _module_preset=&#8221;default&#8221; global_colors_info=&#8221;{}&#8221;][\/et_pb_contact_field][et_pb_contact_field field_id=&#8221;zprava&#8221; field_title=&#8221;Message&#8221; field_type=&#8221;text&#8221; fullwidth_field=&#8221;on&#8221; _builder_version=&#8221;4.27.4&#8243; _module_preset=&#8221;default&#8221; global_colors_info=&#8221;{}&#8221; button_text_size__hover_enabled=&#8221;off&#8221; button_one_text_size__hover_enabled=&#8221;off&#8221; button_two_text_size__hover_enabled=&#8221;off&#8221; button_text_color__hover_enabled=&#8221;off&#8221; button_one_text_color__hover_enabled=&#8221;off&#8221; button_two_text_color__hover_enabled=&#8221;off&#8221; button_border_width__hover_enabled=&#8221;off&#8221; button_one_border_width__hover_enabled=&#8221;off&#8221; button_two_border_width__hover_enabled=&#8221;off&#8221; button_border_color__hover_enabled=&#8221;off&#8221; button_one_border_color__hover_enabled=&#8221;off&#8221; button_two_border_color__hover_enabled=&#8221;off&#8221; button_border_radius__hover_enabled=&#8221;off&#8221; button_one_border_radius__hover_enabled=&#8221;off&#8221; button_two_border_radius__hover_enabled=&#8221;off&#8221; button_letter_spacing__hover_enabled=&#8221;off&#8221; button_one_letter_spacing__hover_enabled=&#8221;off&#8221; button_two_letter_spacing__hover_enabled=&#8221;off&#8221; button_bg_color__hover_enabled=&#8221;off&#8221; button_one_bg_color__hover_enabled=&#8221;off&#8221; button_two_bg_color__hover_enabled=&#8221;off&#8221;][\/et_pb_contact_field][et_pb_contact_field field_id=&#8221;page_name&#8221; field_title=&#8221;page_name&#8221; fullwidth_field=&#8221;on&#8221; _builder_version=&#8221;4.27.4&#8243; _module_preset=&#8221;default&#8221; custom_css_free_form=&#8221;selector { display: none !important; }&#8221; global_colors_info=&#8221;{}&#8221;][\/et_pb_contact_field][et_pb_contact_field field_id=&#8221;page_url&#8221; field_title=&#8221;page_url&#8221; fullwidth_field=&#8221;on&#8221; _builder_version=&#8221;4.27.4&#8243; _module_preset=&#8221;default&#8221; custom_css_free_form=&#8221;selector { display: none !important; }&#8221; global_colors_info=&#8221;{}&#8221;][\/et_pb_contact_field][\/et_pb_contact_form][\/et_pb_column_inner][\/et_pb_row_inner][\/et_pb_column][et_pb_column type=&#8221;1_3&#8243; _builder_version=&#8221;4.16&#8243; custom_padding=&#8221;|||&#8221; global_colors_info=&#8221;{}&#8221; custom_padding__hover=&#8221;|||&#8221;][et_pb_text _builder_version=&#8221;4.27.5&#8243; _module_preset=&#8221;_initial&#8221; link_font=&#8221;|700|||on||||&#8221; custom_margin=&#8221;||-2px|||&#8221; animation_style=&#8221;slide&#8221; animation_direction=&#8221;bottom&#8221; animation_intensity_slide=&#8221;5%&#8221; global_colors_info=&#8221;{}&#8221;]<\/p>\n<h2><strong>Billing Address<\/strong><\/h2>\n<h4>100% REWORK s.r.o.<\/h4>\n<p>Ka\u0161tanov\u00e1 530\/125b, Brno 620 00<br \/>I\u010c: 26889927<br \/>DI\u010c: CZ26889927<\/p>\n<p>I\u010c.: 26892201<br \/>DI\u010c: CZ26892201<\/p>\n<p><strong>Komer\u010dn\u00ed banka a.s.<\/strong><br \/>27-9599540257\/0100 (\u010d\u00edslo \u00fa\u010dtu) <br \/>CZK (m\u011bna)<br \/><strong>IBAN<\/strong>: CZ03 0100 0000 2795 9954 0257<\/p>\n<p>131-1198160257\/0100 (\u010d\u00edslo \u00fa\u010dtu)<br \/>EUR (m\u011bna)<br \/><strong>IBAN<\/strong>: CZ16 0100 0001 3111 9816 0257 <\/p>\n<p><strong>SWIFT<\/strong>: KOMBCZPP<\/p>\n<p>Adresa banky: Na P\u0159\u00edkop\u011b 33, 114 07 Praha 1<\/p>\n<p><strong>Raiffeisenbank a.s.<\/strong><br \/>Account: 1161416028\/5500 Raiffeisenbank<br \/>(CZK, USD, EUR)<br \/>IBAN: CZ22 5500 0000 0011 6141 6028<br \/>Spisov\u00e1 zna\u010dka: C43717 veden\u00e1 u Krajsk\u00e9ho soudu v Brn\u011b<\/p>\n<p>Tel.: +420 515 500 777<br \/>E-mail:<span> <\/span><a href=\"mailto:fakturace@rework.cz\">nakup@rework.cz<\/a><\/p>\n<p>[\/et_pb_text][\/et_pb_column][\/et_pb_section]<\/p>\n","protected":false},"excerpt":{"rendered":"<p>Contact 100% REWORK s.r.o. Ka\u0161tanov\u00e1 530\/125b620 00 Brno CZ+420 515 500 777E-mail: info@rework.czCompany management Ing. Martina Musilov\u00e1, MBA\u0158editelka spole\u010dnosti \/ CEOTel.: +420 734 668 856E-mail: mmusilova@rework.czCompany Assistant Elena \u0158\u00edhov\u00e1tel: +420 603 985 465e-mail: info@rework.cze-mail: erihova@qpag.czMeasurement Centre 100% REWORK s.r.o.Ka\u0161tanov\u00e1 530\/125b620 00 Brno CZUk\u00e1zat na map\u011b Tel.: +420 731 506 644E-mail: kms@rework.czRecruitment Centre 100% REWORK s.r.o.Ka\u0161tanov\u00e1 [&hellip;]<\/p>\n","protected":false},"author":1,"featured_media":0,"parent":0,"menu_order":0,"comment_status":"closed","ping_status":"closed","template":"","meta":{"_et_pb_use_builder":"on","_et_pb_old_content":"","_et_gb_content_width":"","inline_featured_image":false,"footnotes":""},"difl_page_category":[],"class_list":["post-228834","page","type-page","status-publish","hentry"],"_links":{"self":[{"href":"https:\/\/rework.cz\/en\/wp-json\/wp\/v2\/pages\/228834","targetHints":{"allow":["GET"]}}],"collection":[{"href":"https:\/\/rework.cz\/en\/wp-json\/wp\/v2\/pages"}],"about":[{"href":"https:\/\/rework.cz\/en\/wp-json\/wp\/v2\/types\/page"}],"author":[{"embeddable":true,"href":"https:\/\/rework.cz\/en\/wp-json\/wp\/v2\/users\/1"}],"replies":[{"embeddable":true,"href":"https:\/\/rework.cz\/en\/wp-json\/wp\/v2\/comments?post=228834"}],"version-history":[{"count":4,"href":"https:\/\/rework.cz\/en\/wp-json\/wp\/v2\/pages\/228834\/revisions"}],"predecessor-version":[{"id":229196,"href":"https:\/\/rework.cz\/en\/wp-json\/wp\/v2\/pages\/228834\/revisions\/229196"}],"wp:attachment":[{"href":"https:\/\/rework.cz\/en\/wp-json\/wp\/v2\/media?parent=228834"}],"wp:term":[{"taxonomy":"difl_page_category","embeddable":true,"href":"https:\/\/rework.cz\/en\/wp-json\/wp\/v2\/difl_page_category?post=228834"}],"curies":[{"name":"wp","href":"https:\/\/api.w.org\/{rel}","templated":true}]}}