{"id":228802,"date":"2026-02-02T21:18:22","date_gmt":"2026-02-02T21:18:22","guid":{"rendered":"https:\/\/rework.cz\/sorting-and-quality-control\/"},"modified":"2026-03-05T16:57:46","modified_gmt":"2026-03-05T16:57:46","slug":"sorting-and-quality-control","status":"publish","type":"page","link":"https:\/\/rework.cz\/en\/sorting-and-quality-control\/","title":{"rendered":"Sorting and quality control"},"content":{"rendered":"<p>[et_pb_section fb_built=&#8221;1&#8243; _builder_version=&#8221;4.27.5&#8243; _module_preset=&#8221;default&#8221; background_color=&#8221;#03428E&#8221; use_background_color_gradient=&#8221;on&#8221; background_color_gradient_stops=&#8221;rgba(3,66,142,0.78) 1%|rgba(3,66,142,0.82) 100%&#8221; background_color_gradient_overlays_image=&#8221;on&#8221; background_image=&#8221;https:\/\/rework.cz\/wp-content\/uploads\/2026\/02\/trideni-kontrola-kvality-49.jpg&#8221; background_position=&#8221;top_center&#8221; custom_padding=&#8221;40px||28px|||&#8221; global_colors_info=&#8221;{}&#8221;][et_pb_row _builder_version=&#8221;4.27.4&#8243; _module_preset=&#8221;default&#8221; width=&#8221;600px&#8221; max_width=&#8221;600px&#8221; global_colors_info=&#8221;{}&#8221;][et_pb_column type=&#8221;4_4&#8243; _builder_version=&#8221;4.27.4&#8243; _module_preset=&#8221;default&#8221; global_colors_info=&#8221;{}&#8221;][et_pb_icon font_icon=&#8221;&#xe084;||fa||400&#8243; icon_color=&#8221;#FFFFFF&#8221; icon_width=&#8221;49px&#8221; _builder_version=&#8221;4.27.5&#8243; _module_preset=&#8221;default&#8221; transform_rotate=&#8221;0deg|0deg|51deg&#8221; global_colors_info=&#8221;{}&#8221;][\/et_pb_icon][et_pb_text _builder_version=&#8221;4.27.5&#8243; _module_preset=&#8221;_initial&#8221; text_text_color=&#8221;#FFFFFF&#8221; text_font_size=&#8221;20px&#8221; link_font=&#8221;|700|||on||||&#8221; header_text_align=&#8221;center&#8221; header_text_color=&#8221;#FFFFFF&#8221; animation_direction=&#8221;bottom&#8221; hover_enabled=&#8221;0&#8243; global_colors_info=&#8221;{}&#8221; sticky_enabled=&#8221;0&#8243;]<\/p>\n<h1 style=\"text-align: center;\">T\u0159\u00edd\u011bn\u00ed<br \/>a kontrola kvality<\/h1>\n<p style=\"text-align: center;\">All inspection activities are carried out at our own site or directly at the customer<\/p>\n<p style=\"text-align: center;\">[\/et_pb_text][\/et_pb_column][\/et_pb_row][\/et_pb_section][et_pb_section fb_built=&#8221;1&#8243; _builder_version=&#8221;4.27.4&#8243; _module_preset=&#8221;default&#8221; background_color=&#8221;#f8f7f7&#8243; global_colors_info=&#8221;{}&#8221;][et_pb_row _builder_version=&#8221;4.25.1&#8243; _module_preset=&#8221;default&#8221; custom_padding=&#8221;5px||13px|||&#8221; global_colors_info=&#8221;{}&#8221;][et_pb_column type=&#8221;4_4&#8243; _builder_version=&#8221;4.25.1&#8243; _module_preset=&#8221;default&#8221; global_colors_info=&#8221;{}&#8221;][et_pb_heading title=&#8221;What you can expect from us&#8221; _builder_version=&#8221;4.27.5&#8243; _module_preset=&#8221;default&#8221; title_level=&#8221;h2&#8243; title_text_align=&#8221;center&#8221; global_colors_info=&#8221;{}&#8221;][\/et_pb_heading][\/et_pb_column][\/et_pb_row][et_pb_row _builder_version=&#8221;4.27.5&#8243; _module_preset=&#8221;default&#8221; global_colors_info=&#8221;{}&#8221;][et_pb_column type=&#8221;4_4&#8243; _builder_version=&#8221;4.27.5&#8243; _module_preset=&#8221;default&#8221; global_colors_info=&#8221;{}&#8221;][difl_iconlist list_view_type=&#8221;inline&#8221; list_item_per_column=&#8221;4&#8243; list_item_gap=&#8221;13px&#8221; list_item_horizontal_alignment=&#8221;center&#8221; list_item_equal_width=&#8221;on&#8221; list_item_elements_align=&#8221;on&#8221; list_item_icon_color=&#8221;#F37021&#8243; list_item_icon_size=&#8221;36px&#8221; list_item_icon_placement=&#8221;column&#8221; list_item_icon_alignment=&#8221;center&#8221; list_item_icon_wrapper_margin=&#8221;13px||||false|false&#8221; _builder_version=&#8221;4.27.5&#8243; _module_preset=&#8221;default&#8221; child_title_text_text_align=&#8221;center&#8221; child_title_text_font_size=&#8221;20px&#8221; child_title_text_line_height=&#8221;1.8em&#8221; animation_style=&#8221;slide&#8221; animation_direction=&#8221;bottom&#8221; animation_intensity_slide=&#8221;3%&#8221; border_color_all_child_wrapper_element=&#8221;rgba(3,66,142,0.22)&#8221; global_colors_info=&#8221;{}&#8221;][difl_iconlistitem list_item_title=&#8221;Optical visual inspection&#8221; list_item_icon=&#8221;&#xf06e;||fa||400&#8243; _builder_version=&#8221;4.27.5&#8243; global_colors_info=&#8221;{}&#8221;][\/difl_iconlistitem][difl_iconlistitem list_item_title=&#8221;Detailed inspection under a magnifying glass, under a microscope&#8221; list_item_icon=&#8221;&#xf610;||fa||900&#8243; admin_label=&#8221;List item&#8221; _builder_version=&#8221;4.27.5&#8243; _module_preset=&#8221;default&#8221; global_colors_info=&#8221;{}&#8221;][\/difl_iconlistitem][difl_iconlistitem list_item_title=&#8221;Measurement with gauges, calipers&#8221; list_item_icon=&#8221;&#xf546;||fa||900&#8243; _builder_version=&#8221;4.27.5&#8243; global_colors_info=&#8221;{}&#8221;][\/difl_iconlistitem][difl_iconlistitem list_item_title=&#8221;Optical inspection in the ESD mode (anti-static)&#8221; list_item_icon=&#8221;&#xf530;||fa||900&#8243; _builder_version=&#8221;4.27.5&#8243; global_colors_info=&#8221;{}&#8221;][\/difl_iconlistitem][difl_iconlistitem list_item_title=&#8221;Visual inspection with an appropriate gauge&#8221; list_item_icon=&#8221;&#x66;||divi||400&#8243; admin_label=&#8221;List item&#8221; _builder_version=&#8221;4.27.5&#8243; _module_preset=&#8221;default&#8221; global_colors_info=&#8221;{}&#8221;][\/difl_iconlistitem][difl_iconlistitem list_item_title=&#8221;Inspection by precision measurement&#8221; list_item_icon=&#8221;&#xf547;||fa||900&#8243; admin_label=&#8221;List item&#8221; _builder_version=&#8221;4.27.5&#8243; _module_preset=&#8221;default&#8221; global_colors_info=&#8221;{}&#8221;][\/difl_iconlistitem][difl_iconlistitem list_item_title=&#8221;Minor adjustments, cleaning, assembly, machining&#8221; list_item_icon=&#8221;&#xe035;||divi||400&#8243; admin_label=&#8221;List item&#8221; _builder_version=&#8221;4.27.5&#8243; _module_preset=&#8221;default&#8221; global_colors_info=&#8221;{}&#8221;][\/difl_iconlistitem][\/difl_iconlist][\/et_pb_column][\/et_pb_row][\/et_pb_section][et_pb_section fb_built=&#8221;1&#8243; module_id=&#8221;pobocky&#8221; _builder_version=&#8221;4.27.5&#8243; _module_preset=&#8221;default&#8221; custom_padding=&#8221;66px|||||&#8221; border_width_top=&#8221;1px&#8221; border_color_top=&#8221;rgba(3,66,142,0.5)&#8221; global_colors_info=&#8221;{}&#8221;][et_pb_row _builder_version=&#8221;4.27.5&#8243; _module_preset=&#8221;default&#8221; custom_padding=&#8221;6px|||||&#8221; global_colors_info=&#8221;{}&#8221;][et_pb_column type=&#8221;4_4&#8243; _builder_version=&#8221;4.27.5&#8243; _module_preset=&#8221;default&#8221; global_colors_info=&#8221;{}&#8221;][et_pb_icon font_icon=&#8221;&#xe0e9;||divi||400&#8243; align=&#8221;center&#8221; _builder_version=&#8221;4.27.5&#8243; _module_preset=&#8221;efde0709-62b0-4a27-8049-8f045e8ef694&#8243; global_colors_info=&#8221;{}&#8221;][\/et_pb_icon][et_pb_text _builder_version=&#8221;4.27.5&#8243; _module_preset=&#8221;default&#8221; global_colors_info=&#8221;{}&#8221;]<\/p>\n<h2 class=\"text-center\" style=\"text-align: center;\">What you get from cooperation with us?<\/h2>\n<p>[\/et_pb_text][\/et_pb_column][\/et_pb_row][et_pb_row column_structure=&#8221;1_3,1_3,1_3&#8243; use_custom_gutter=&#8221;on&#8221; gutter_width=&#8221;2&#8243; make_equal=&#8221;on&#8221; _builder_version=&#8221;4.27.4&#8243; _module_preset=&#8221;default&#8221; border_color_bottom=&#8221;#F37021&#8243; global_colors_info=&#8221;{}&#8221;][et_pb_column type=&#8221;1_3&#8243; _builder_version=&#8221;4.27.4&#8243; _module_preset=&#8221;default&#8221; border_color_bottom=&#8221;#F37021&#8243; global_colors_info=&#8221;{}&#8221;][et_pb_blurb title=&#8221;you have the time and space for your own product&#8221; use_icon=&#8221;on&#8221; font_icon=&#8221;&#xf058;||fa||400&#8243; icon_color=&#8221;#F37021&#8243; image_icon_background_color=&#8221;RGBA(255,255,255,0)&#8221; image_icon_width=&#8221;48px&#8221; _builder_version=&#8221;4.27.5&#8243; _module_preset=&#8221;1b1b521c-6f45-440b-b224-37ee2e849674&#8243; header_text_align=&#8221;center&#8221; header_text_color=&#8221;#03428E&#8221; header_font_size=&#8221;23px&#8221; header_line_height=&#8221;1.4em&#8221; text_orientation=&#8221;center&#8221; custom_padding=&#8221;10px|10px|20px|10px|false|false&#8221; border_radii=&#8221;on|3px|3px|3px|3px&#8221; border_width_all=&#8221;0px&#8221; border_color_all=&#8221;#03428E&#8221; border_radii_image=&#8221;on|0%|0%|0%|0%&#8221; border_width_all_image=&#8221;0px&#8221; border_color_all_image=&#8221;#F37021&#8243; box_shadow_style=&#8221;preset1&#8243; box_shadow_vertical=&#8221;-12px&#8221; box_shadow_color=&#8221;rgba(0,0,0,0.13)&#8221; global_colors_info=&#8221;{}&#8221; background_color__hover=&#8221;RGBA(255,255,255,0)&#8221; background__hover_enabled=&#8221;on|hover&#8221; background_enable_color__hover=&#8221;on&#8221;][\/et_pb_blurb][\/et_pb_column][et_pb_column type=&#8221;1_3&#8243; _builder_version=&#8221;4.27.4&#8243; _module_preset=&#8221;default&#8221; border_color_all=&#8221;#F37021&#8243; border_color_bottom=&#8221;#F37021&#8243; global_colors_info=&#8221;{}&#8221;][et_pb_blurb title=&#8221;you minimize the time and costs during the quality control process setting&#8221; use_icon=&#8221;on&#8221; font_icon=&#8221;&#xf058;||fa||400&#8243; icon_color=&#8221;#F37021&#8243; image_icon_background_color=&#8221;RGBA(255,255,255,0)&#8221; image_icon_width=&#8221;48px&#8221; _builder_version=&#8221;4.27.5&#8243; _module_preset=&#8221;1b1b521c-6f45-440b-b224-37ee2e849674&#8243; header_text_align=&#8221;center&#8221; header_text_color=&#8221;#03428E&#8221; header_font_size=&#8221;23px&#8221; header_line_height=&#8221;1.4em&#8221; text_orientation=&#8221;center&#8221; custom_padding=&#8221;10px|10px|20px|10px|false|false&#8221; border_radii=&#8221;on|3px|3px|3px|3px&#8221; border_width_all=&#8221;0px&#8221; border_color_all=&#8221;#03428E&#8221; border_radii_image=&#8221;on|0%|0%|0%|0%&#8221; border_width_all_image=&#8221;0px&#8221; border_color_all_image=&#8221;#F37021&#8243; box_shadow_style=&#8221;preset1&#8243; box_shadow_vertical=&#8221;-12px&#8221; box_shadow_color=&#8221;rgba(0,0,0,0.13)&#8221; global_colors_info=&#8221;{}&#8221; background_color__hover=&#8221;RGBA(255,255,255,0)&#8221; background__hover_enabled=&#8221;on|hover&#8221; background_enable_color__hover=&#8221;on&#8221;][\/et_pb_blurb][\/et_pb_column][et_pb_column type=&#8221;1_3&#8243; _builder_version=&#8221;4.27.4&#8243; _module_preset=&#8221;default&#8221; border_color_bottom=&#8221;#F37021&#8243; global_colors_info=&#8221;{}&#8221;][et_pb_blurb title=&#8221;you make efficient use of human resources&#8221; use_icon=&#8221;on&#8221; font_icon=&#8221;&#xf058;||fa||400&#8243; icon_color=&#8221;#F37021&#8243; image_icon_background_color=&#8221;RGBA(255,255,255,0)&#8221; image_icon_width=&#8221;48px&#8221; _builder_version=&#8221;4.27.5&#8243; _module_preset=&#8221;1b1b521c-6f45-440b-b224-37ee2e849674&#8243; header_text_align=&#8221;center&#8221; header_text_color=&#8221;#03428E&#8221; header_font_size=&#8221;23px&#8221; header_line_height=&#8221;1.4em&#8221; text_orientation=&#8221;center&#8221; custom_padding=&#8221;10px|10px|20px|10px|false|false&#8221; border_radii=&#8221;on|3px|3px|3px|3px&#8221; border_width_all=&#8221;0px&#8221; border_color_all=&#8221;#03428E&#8221; border_radii_image=&#8221;on|0%|0%|0%|0%&#8221; border_width_all_image=&#8221;0px&#8221; border_color_all_image=&#8221;#F37021&#8243; box_shadow_style=&#8221;preset1&#8243; box_shadow_vertical=&#8221;-12px&#8221; box_shadow_color=&#8221;rgba(0,0,0,0.13)&#8221; global_colors_info=&#8221;{}&#8221; background_color__hover=&#8221;RGBA(255,255,255,0)&#8221; background__hover_enabled=&#8221;on|hover&#8221; background_enable_color__hover=&#8221;on&#8221;][\/et_pb_blurb][\/et_pb_column][\/et_pb_row][\/et_pb_section][et_pb_section fb_built=&#8221;1&#8243; module_id=&#8221;pobocky&#8221; _builder_version=&#8221;4.27.5&#8243; _module_preset=&#8221;default&#8221; background_color=&#8221;RGBA(255,255,255,0)&#8221; custom_padding=&#8221;66px|||||&#8221; border_width_top=&#8221;1px&#8221; border_color_top=&#8221;rgba(3,66,142,0.5)&#8221; global_colors_info=&#8221;{}&#8221;][et_pb_row _builder_version=&#8221;4.27.5&#8243; _module_preset=&#8221;default&#8221; custom_padding=&#8221;6px|||||&#8221; global_colors_info=&#8221;{}&#8221;][et_pb_column type=&#8221;4_4&#8243; _builder_version=&#8221;4.27.5&#8243; _module_preset=&#8221;default&#8221; global_colors_info=&#8221;{}&#8221;][et_pb_icon font_icon=&#8221;&#xf1ec;||fa||900&#8243; align=&#8221;center&#8221; _builder_version=&#8221;4.27.5&#8243; _module_preset=&#8221;efde0709-62b0-4a27-8049-8f045e8ef694&#8243; global_colors_info=&#8221;{}&#8221;][\/et_pb_icon][et_pb_text _builder_version=&#8221;4.27.5&#8243; _module_preset=&#8221;default&#8221; global_colors_info=&#8221;{}&#8221;]<\/p>\n<h2 class=\"text-center\" style=\"text-align: center;\">We evaluate risks for you<\/h2>\n<p>[\/et_pb_text][\/et_pb_column][\/et_pb_row][et_pb_row column_structure=&#8221;1_3,1_3,1_3&#8243; use_custom_gutter=&#8221;on&#8221; gutter_width=&#8221;2&#8243; make_equal=&#8221;on&#8221; _builder_version=&#8221;4.27.4&#8243; _module_preset=&#8221;default&#8221; border_color_bottom=&#8221;#F37021&#8243; global_colors_info=&#8221;{}&#8221;][et_pb_column type=&#8221;1_3&#8243; _builder_version=&#8221;4.27.4&#8243; _module_preset=&#8221;default&#8221; border_color_bottom=&#8221;#F37021&#8243; global_colors_info=&#8221;{}&#8221;][et_pb_blurb title=&#8221;We meet the standards&#8221; use_icon=&#8221;on&#8221; font_icon=&#8221;&#xf201;||fa||900&#8243; icon_color=&#8221;#F37021&#8243; image_icon_background_color=&#8221;RGBA(255,255,255,0)&#8221; image_icon_width=&#8221;48px&#8221; _builder_version=&#8221;4.27.5&#8243; _module_preset=&#8221;1b1b521c-6f45-440b-b224-37ee2e849674&#8243; header_text_align=&#8221;center&#8221; header_text_color=&#8221;#03428E&#8221; header_font_size=&#8221;23px&#8221; header_line_height=&#8221;1.4em&#8221; text_orientation=&#8221;center&#8221; custom_padding=&#8221;10px|10px|20px|10px|false|false&#8221; border_radii=&#8221;on|3px|3px|3px|3px&#8221; border_width_all=&#8221;0px&#8221; border_color_all=&#8221;#03428E&#8221; border_radii_image=&#8221;on|0%|0%|0%|0%&#8221; border_width_all_image=&#8221;0px&#8221; border_color_all_image=&#8221;#F37021&#8243; box_shadow_style=&#8221;preset1&#8243; box_shadow_vertical=&#8221;-12px&#8221; box_shadow_color=&#8221;rgba(0,0,0,0.13)&#8221; global_colors_info=&#8221;{}&#8221; background_color__hover=&#8221;RGBA(255,255,255,0)&#8221; background__hover_enabled=&#8221;on|hover&#8221; background_enable_color__hover=&#8221;on&#8221;]<\/p>\n<p><span>We have assessed all risks in accordance with the \u010cSN EN ISO 9001:2016 standard. We meet the requirements of customers from the automotive industry, especially IATF 16949 and VDA standards.<\/span><\/p>\n<p>[\/et_pb_blurb][\/et_pb_column][et_pb_column type=&#8221;1_3&#8243; _builder_version=&#8221;4.27.4&#8243; _module_preset=&#8221;default&#8221; border_color_all=&#8221;#F37021&#8243; border_color_bottom=&#8221;#F37021&#8243; global_colors_info=&#8221;{}&#8221;][et_pb_blurb title=&#8221;Regular audits&#8221; use_icon=&#8221;on&#8221; font_icon=&#8221;&#xf002;||fa||900&#8243; icon_color=&#8221;#F37021&#8243; image_icon_background_color=&#8221;RGBA(255,255,255,0)&#8221; image_icon_width=&#8221;48px&#8221; _builder_version=&#8221;4.27.5&#8243; _module_preset=&#8221;1b1b521c-6f45-440b-b224-37ee2e849674&#8243; header_text_align=&#8221;center&#8221; header_text_color=&#8221;#03428E&#8221; header_font_size=&#8221;23px&#8221; header_line_height=&#8221;1.4em&#8221; text_orientation=&#8221;center&#8221; custom_padding=&#8221;10px|10px|20px|10px|false|false&#8221; border_radii=&#8221;on|3px|3px|3px|3px&#8221; border_width_all=&#8221;0px&#8221; border_color_all=&#8221;#03428E&#8221; border_radii_image=&#8221;on|0%|0%|0%|0%&#8221; border_width_all_image=&#8221;0px&#8221; border_color_all_image=&#8221;#F37021&#8243; box_shadow_style=&#8221;preset1&#8243; box_shadow_vertical=&#8221;-12px&#8221; box_shadow_color=&#8221;rgba(0,0,0,0.13)&#8221; global_colors_info=&#8221;{}&#8221; background_color__hover=&#8221;RGBA(255,255,255,0)&#8221; background__hover_enabled=&#8221;on|hover&#8221; background_enable_color__hover=&#8221;on&#8221;]<\/p>\n<p>We have evaluated all risks in accordance with the \u010cSN EN ISO 9001:2016 standard. We meet customer requirements in the area of automotive, especially IATF 16949 and VDA standards.<\/p>\n<p>[\/et_pb_blurb][\/et_pb_column][et_pb_column type=&#8221;1_3&#8243; _builder_version=&#8221;4.27.4&#8243; _module_preset=&#8221;default&#8221; border_color_bottom=&#8221;#F37021&#8243; global_colors_info=&#8221;{}&#8221;][et_pb_blurb title=&#8221;Corrective measures&#8221; use_icon=&#8221;on&#8221; font_icon=&#8221;&#xf2ea;||fa||900&#8243; icon_color=&#8221;#F37021&#8243; image_icon_background_color=&#8221;RGBA(255,255,255,0)&#8221; image_icon_width=&#8221;48px&#8221; _builder_version=&#8221;4.27.5&#8243; _module_preset=&#8221;1b1b521c-6f45-440b-b224-37ee2e849674&#8243; header_text_align=&#8221;center&#8221; header_text_color=&#8221;#03428E&#8221; header_font_size=&#8221;23px&#8221; header_line_height=&#8221;1.4em&#8221; text_orientation=&#8221;center&#8221; custom_padding=&#8221;10px|10px|20px|10px|false|false&#8221; border_radii=&#8221;on|3px|3px|3px|3px&#8221; border_width_all=&#8221;0px&#8221; border_color_all=&#8221;#03428E&#8221; border_radii_image=&#8221;on|0%|0%|0%|0%&#8221; border_width_all_image=&#8221;0px&#8221; border_color_all_image=&#8221;#F37021&#8243; box_shadow_style=&#8221;preset1&#8243; box_shadow_vertical=&#8221;-12px&#8221; box_shadow_color=&#8221;rgba(0,0,0,0.13)&#8221; global_colors_info=&#8221;{}&#8221; background_color__hover=&#8221;RGBA(255,255,255,0)&#8221; background__hover_enabled=&#8221;on|hover&#8221; background_enable_color__hover=&#8221;on&#8221;]<\/p>\n<p><span>We have got trained VDA 6.3 process auditors who regularly perform internal audits of all our workplaces.<\/span><\/p>\n<p>[\/et_pb_blurb][\/et_pb_column][\/et_pb_row][\/et_pb_section][et_pb_section fb_built=&#8221;1&#8243; module_id=&#8221;pobocky&#8221; _builder_version=&#8221;4.27.5&#8243; _module_preset=&#8221;default&#8221; background_color=&#8221;RGBA(255,255,255,0)&#8221; custom_padding=&#8221;66px||133px|||&#8221; border_width_top=&#8221;1px&#8221; border_color_top=&#8221;rgba(3,66,142,0.5)&#8221; global_colors_info=&#8221;{}&#8221;][et_pb_row _builder_version=&#8221;4.27.5&#8243; _module_preset=&#8221;default&#8221; custom_padding=&#8221;6px|||||&#8221; global_colors_info=&#8221;{}&#8221;][et_pb_column type=&#8221;4_4&#8243; _builder_version=&#8221;4.27.5&#8243; _module_preset=&#8221;default&#8221; global_colors_info=&#8221;{}&#8221;][et_pb_icon font_icon=&#8221;&#xf2b5;||fa||400&#8243; align=&#8221;center&#8221; _builder_version=&#8221;4.27.5&#8243; _module_preset=&#8221;efde0709-62b0-4a27-8049-8f045e8ef694&#8243; global_colors_info=&#8221;{}&#8221;][\/et_pb_icon][et_pb_text _builder_version=&#8221;4.27.5&#8243; _module_preset=&#8221;default&#8221; global_colors_info=&#8221;{}&#8221;]<\/p>\n<h2 class=\"text-center\" style=\"text-align: center;\">Our cooperation step by step<\/h2>\n<p>[\/et_pb_text][\/et_pb_column][\/et_pb_row][et_pb_row _builder_version=&#8221;4.27.5&#8243; _module_preset=&#8221;default&#8221; global_colors_info=&#8221;{}&#8221;][et_pb_column type=&#8221;4_4&#8243; _builder_version=&#8221;4.27.5&#8243; _module_preset=&#8221;default&#8221; global_colors_info=&#8221;{}&#8221;][difl_timeline line_color=&#8221;#F37021&#8243; arrow_color=&#8221;#e8e8e8&#8243; date_arrow_color=&#8221;#e8e8e8&#8243; enable_item_animation=&#8221;on&#8221; enable_scroll_line=&#8221;on&#8221; enable_marker_animation=&#8221;on&#8221; active_marker_color=&#8221;#F37021&#8243; item_wrapper_bg_bgcolor=&#8221;#e8e8e8&#8243; title_bg_bgcolor=&#8221;RGBA(255,255,255,0)&#8221; marker_bg_bgcolor=&#8221;#FFFFFF&#8221; date_wrapper_bg_bgcolor=&#8221;#e8e8e8&#8243; _builder_version=&#8221;4.27.5&#8243; _module_preset=&#8221;default&#8221; title_text_color=&#8221;#03428E&#8221; title_font_size=&#8221;30px&#8221; design_content_text_font_size=&#8221;20px&#8221; date_title_text_color=&#8221;#F37021&#8243; date_title_font_size=&#8221;38px&#8221; border_color_all_item_wrapper_border=&#8221;#000000&#8243; box_shadow_style_marker_wrapper_box_shadow=&#8221;preset1&#8243; global_colors_info=&#8221;{}&#8221;][difl_timelineitem title=&#8221;Contact us&#8221; marker_icon=&#8221;&#x4c;||divi||400&#8243; date_title=&#8221;Step 1&#8243; date_vartical_position=&#8221;0px&#8221; child_arrow_vertical_position=&#8221;50%&#8221; _builder_version=&#8221;4.27.5&#8243; global_colors_info=&#8221;{}&#8221;]<\/p>\n<p><span>Get in touch with us or leave us a contact. We will get back to you as soon as possible to arrange a meeting.<\/span><\/p>\n<p>[\/difl_timelineitem][difl_timelineitem title=&#8221;Your needs and requirements&#8221; marker_icon=&#8221;&#x4c;||divi||400&#8243; date_title=&#8221;Step 2&#8243; date_vartical_position=&#8221;0px&#8221; child_arrow_vertical_position=&#8221;50%&#8221; _builder_version=&#8221;4.27.5&#8243; global_colors_info=&#8221;{}&#8221;]<\/p>\n<p><span>Prepare documents and specific requirements for our meeting.<\/span><\/p>\n<p>[\/difl_timelineitem][difl_timelineitem title=&#8221;Solution proposal&#8221; marker_icon=&#8221;&#x4c;||divi||400&#8243; date_title=&#8221;Step 3&#8243; date_vartical_position=&#8221;0px&#8221; child_arrow_vertical_position=&#8221;50%&#8221; _builder_version=&#8221;4.27.5&#8243; global_colors_info=&#8221;{}&#8221;]<\/p>\n<p><span>We will tailor a solution to your specific requirements.<\/span><\/p>\n<p>[\/difl_timelineitem][difl_timelineitem title=&#8221;We will sign the contract&#8221; marker_icon=&#8221;&#x4c;||divi||400&#8243; date_title=&#8221;Step 4&#8243; date_vartical_position=&#8221;0px&#8221; child_arrow_vertical_position=&#8221;50%&#8221; _builder_version=&#8221;4.27.5&#8243; global_colors_info=&#8221;{}&#8221;]<\/p>\n<p><span>We will sign all the necessary documents and set a date for the work to commence.<\/span><\/p>\n<p>[\/difl_timelineitem][difl_timelineitem title=&#8221;We start our cooperation&#8221; marker_icon=&#8221;&#x4c;||divi||400&#8243; date_title=&#8221;Step 5&#8243; date_vartical_position=&#8221;0px&#8221; child_arrow_vertical_position=&#8221;50%&#8221; _builder_version=&#8221;4.27.5&#8243; global_colors_info=&#8221;{}&#8221;]<\/p>\n<p><span>There is nothing to stop the cooperation now. Thanks to the online status of your order, we will stay in touch at all times.<\/span><\/p>\n<p>[\/difl_timelineitem][\/difl_timeline][\/et_pb_column][\/et_pb_row][\/et_pb_section]<\/p>\n","protected":false},"excerpt":{"rendered":"<p>T\u0159\u00edd\u011bn\u00eda kontrola kvality All inspection activities are carried out at our own site or directly at the customer <div class=\"et_pb_with_border et_pb_module difl_iconlist difl_iconlist_0 et_animated\">\n\t\t\t\t\n\t\t\t\t\n\t\t\t\t\n\t\t\t\t\n\t\t\t\t\n\t\t\t\t\n\t\t\t\t<div class=\"et_pb_module_inner\">\n\t\t\t\t\t<div class=\"difl_iconlist_notice\">Add one or more list items.<\/div>\n\t\t\t\t<\/div>\n\t\t\t<\/div><li class=\"et_pb_module difl_iconlistitem difl_iconlistitem_0\">\n\t\t\t\t\n\t\t\t\t\n\t\t\t\t\n\t\t\t\t\n\t\t\t\t\n\t\t\t\t\n\t\t\t\t<div class=\"et_pb_module_inner\">\n\t\t\t\t\t<span class=\"item-elements et_pb_with_background\">\n                    <span class=\"item-elements-group\"><span class=\"difl_icon_item_container\"><span class=\"difl_icon_item_icon_wrapper\"><span class=\"icon-element\"><span class=\"et-pb-icon difl_list_icon\">\uf06e<\/span><\/span><\/span> <span class=\"difl_icon_item_content_wrapper\"><h4 class=\"difl_icon_item_header et_pb_with_background\"><span>Optical visual inspection<\/span><\/h4><\/span><\/span><\/span>\n                    <span class=\"item-tooltip-data\" style=\"display:none\"><\/span>\n                <\/span>\n\t\t\t\t<\/div>\n\t\t\t<\/li><li class=\"et_pb_module difl_iconlistitem difl_iconlistitem_1\">\n\t\t\t\t\n\t\t\t\t\n\t\t\t\t\n\t\t\t\t\n\t\t\t\t\n\t\t\t\t\n\t\t\t\t<div class=\"et_pb_module_inner\">\n\t\t\t\t\t<span class=\"item-elements et_pb_with_background\">\n                    <span class=\"item-elements-group\"><span class=\"difl_icon_item_container\"><span class=\"difl_icon_item_icon_wrapper\"><span class=\"icon-element\"><span class=\"et-pb-icon difl_list_icon\">N<\/span><\/span><\/span> <span class=\"difl_icon_item_content_wrapper\"><h4 class=\"difl_icon_item_header et_pb_with_background\"><span>&#8221;Detailed<\/span><\/h4><\/span><\/span><\/span>\n                    <span class=\"item-tooltip-data\" style=\"display:none\"><\/span>\n                <\/span>\n\t\t\t\t<\/div>\n\t\t\t<\/li><\/p>\n","protected":false},"author":1,"featured_media":0,"parent":0,"menu_order":0,"comment_status":"closed","ping_status":"closed","template":"","meta":{"_et_pb_use_builder":"on","_et_pb_old_content":"","_et_gb_content_width":"","inline_featured_image":false,"footnotes":""},"difl_page_category":[],"class_list":["post-228802","page","type-page","status-publish","hentry"],"_links":{"self":[{"href":"https:\/\/rework.cz\/en\/wp-json\/wp\/v2\/pages\/228802","targetHints":{"allow":["GET"]}}],"collection":[{"href":"https:\/\/rework.cz\/en\/wp-json\/wp\/v2\/pages"}],"about":[{"href":"https:\/\/rework.cz\/en\/wp-json\/wp\/v2\/types\/page"}],"author":[{"embeddable":true,"href":"https:\/\/rework.cz\/en\/wp-json\/wp\/v2\/users\/1"}],"replies":[{"embeddable":true,"href":"https:\/\/rework.cz\/en\/wp-json\/wp\/v2\/comments?post=228802"}],"version-history":[{"count":2,"href":"https:\/\/rework.cz\/en\/wp-json\/wp\/v2\/pages\/228802\/revisions"}],"predecessor-version":[{"id":228804,"href":"https:\/\/rework.cz\/en\/wp-json\/wp\/v2\/pages\/228802\/revisions\/228804"}],"wp:attachment":[{"href":"https:\/\/rework.cz\/en\/wp-json\/wp\/v2\/media?parent=228802"}],"wp:term":[{"taxonomy":"difl_page_category","embeddable":true,"href":"https:\/\/rework.cz\/en\/wp-json\/wp\/v2\/difl_page_category?post=228802"}],"curies":[{"name":"wp","href":"https:\/\/api.w.org\/{rel}","templated":true}]}}